{"id":1366,"date":"2023-05-02T21:59:09","date_gmt":"2023-05-02T21:59:09","guid":{"rendered":"http:\/\/fotobaerchen.de\/?page_id=1366"},"modified":"2023-05-02T22:18:32","modified_gmt":"2023-05-02T22:18:32","slug":"illse-schrottenbaummuehle-pfingsten-2021","status":"publish","type":"page","link":"http:\/\/fotobaerchen.de\/?page_id=1366","title":{"rendered":"ILLSE-Schrottenbaumm\u00fchle Pfingsten 2021"},"content":{"rendered":"\n<h2 class=\"wp-block-heading\" style=\"font-size:30px\"><strong>ILLSE-Schrottenbaumm\u00fchle Pfingsten 2021<\/strong><\/h2>\n\n\n\n<p>Bayerischer Wald<\/p>\n\n\n\n<figure class=\"wp-block-image size-large\"><img loading=\"lazy\" decoding=\"async\" width=\"1024\" height=\"684\" src=\"http:\/\/fotobaerchen.de\/wp-content\/uploads\/2023\/05\/0002_PfingstenBayWald_Schrottenbaummuehle-1024x684.jpg\" alt=\"\" class=\"wp-image-1367\" srcset=\"http:\/\/fotobaerchen.de\/wp-content\/uploads\/2023\/05\/0002_PfingstenBayWald_Schrottenbaummuehle-1024x684.jpg 1024w, http:\/\/fotobaerchen.de\/wp-content\/uploads\/2023\/05\/0002_PfingstenBayWald_Schrottenbaummuehle-300x200.jpg 300w, http:\/\/fotobaerchen.de\/wp-content\/uploads\/2023\/05\/0002_PfingstenBayWald_Schrottenbaummuehle-150x100.jpg 150w, http:\/\/fotobaerchen.de\/wp-content\/uploads\/2023\/05\/0002_PfingstenBayWald_Schrottenbaummuehle-768x513.jpg 768w, http:\/\/fotobaerchen.de\/wp-content\/uploads\/2023\/05\/0002_PfingstenBayWald_Schrottenbaummuehle-1536x1025.jpg 1536w, http:\/\/fotobaerchen.de\/wp-content\/uploads\/2023\/05\/0002_PfingstenBayWald_Schrottenbaummuehle-2048x1367.jpg 2048w\" sizes=\"auto, (max-width: 706px) 89vw, (max-width: 767px) 82vw, 740px\" \/><\/figure>\n\n\n\n<div class=\"wp-block-media-text alignwide is-stacked-on-mobile\"><figure class=\"wp-block-media-text__media\"><img loading=\"lazy\" decoding=\"async\" width=\"1024\" height=\"629\" src=\"http:\/\/fotobaerchen.de\/wp-content\/uploads\/2023\/05\/0001_PfingstenBayWald_Schrottenbaummuehle-1024x629.jpg\" alt=\"\" class=\"wp-image-1368 size-full\" srcset=\"http:\/\/fotobaerchen.de\/wp-content\/uploads\/2023\/05\/0001_PfingstenBayWald_Schrottenbaummuehle-1024x629.jpg 1024w, http:\/\/fotobaerchen.de\/wp-content\/uploads\/2023\/05\/0001_PfingstenBayWald_Schrottenbaummuehle-300x184.jpg 300w, http:\/\/fotobaerchen.de\/wp-content\/uploads\/2023\/05\/0001_PfingstenBayWald_Schrottenbaummuehle-150x92.jpg 150w, http:\/\/fotobaerchen.de\/wp-content\/uploads\/2023\/05\/0001_PfingstenBayWald_Schrottenbaummuehle-768x472.jpg 768w, http:\/\/fotobaerchen.de\/wp-content\/uploads\/2023\/05\/0001_PfingstenBayWald_Schrottenbaummuehle-1536x943.jpg 1536w, http:\/\/fotobaerchen.de\/wp-content\/uploads\/2023\/05\/0001_PfingstenBayWald_Schrottenbaummuehle-2048x1258.jpg 2048w\" sizes=\"auto, (max-width: 706px) 89vw, (max-width: 767px) 82vw, 740px\" \/><\/figure><div class=\"wp-block-media-text__content\">\n<p>Der Corona-Krise entfliehen.  Gute Phase erwischt. Vollesetzte Bierg\u00e4rten waren im ersten Moment etwas befremdlich aber auch sch\u00f6n sie wieder zu haben. <\/p>\n<\/div><\/div>\n\n\n\n<figure class=\"wp-block-image size-large\"><img loading=\"lazy\" decoding=\"async\" width=\"1024\" height=\"346\" src=\"http:\/\/fotobaerchen.de\/wp-content\/uploads\/2023\/05\/0004_PfingstenBayWald_Schrottenbaummuehle-1024x346.jpg\" alt=\"\" class=\"wp-image-1369\" srcset=\"http:\/\/fotobaerchen.de\/wp-content\/uploads\/2023\/05\/0004_PfingstenBayWald_Schrottenbaummuehle-1024x346.jpg 1024w, http:\/\/fotobaerchen.de\/wp-content\/uploads\/2023\/05\/0004_PfingstenBayWald_Schrottenbaummuehle-300x101.jpg 300w, http:\/\/fotobaerchen.de\/wp-content\/uploads\/2023\/05\/0004_PfingstenBayWald_Schrottenbaummuehle-150x51.jpg 150w, http:\/\/fotobaerchen.de\/wp-content\/uploads\/2023\/05\/0004_PfingstenBayWald_Schrottenbaummuehle-768x260.jpg 768w, http:\/\/fotobaerchen.de\/wp-content\/uploads\/2023\/05\/0004_PfingstenBayWald_Schrottenbaummuehle-1536x519.jpg 1536w, http:\/\/fotobaerchen.de\/wp-content\/uploads\/2023\/05\/0004_PfingstenBayWald_Schrottenbaummuehle-2048x693.jpg 2048w\" sizes=\"auto, (max-width: 706px) 89vw, (max-width: 767px) 82vw, 740px\" \/><\/figure>\n\n\n\n<p>Stellplatz an der Ilz &#8211; ein Traum<\/p>\n\n\n\n<div class=\"wp-block-columns is-layout-flex wp-container-core-columns-is-layout-9d6595d7 wp-block-columns-is-layout-flex\">\n<div class=\"wp-block-column is-layout-flow wp-block-column-is-layout-flow\">\n<hr class=\"wp-block-separator has-alpha-channel-opacity\"\/>\n<\/div>\n<\/div>\n\n\n\n<h2 class=\"wp-block-heading\"><strong>Radtour an der  ILZ<\/strong><\/h2>\n\n\n\n<div class=\"wp-block-media-text alignwide is-stacked-on-mobile\"><figure class=\"wp-block-media-text__media\"><img loading=\"lazy\" decoding=\"async\" width=\"1024\" height=\"684\" src=\"http:\/\/fotobaerchen.de\/wp-content\/uploads\/2023\/05\/0005_PfingstenBayWald_Schrottenbaummuehle-1-1024x684.jpg\" alt=\"\" class=\"wp-image-1371 size-full\" srcset=\"http:\/\/fotobaerchen.de\/wp-content\/uploads\/2023\/05\/0005_PfingstenBayWald_Schrottenbaummuehle-1-1024x684.jpg 1024w, http:\/\/fotobaerchen.de\/wp-content\/uploads\/2023\/05\/0005_PfingstenBayWald_Schrottenbaummuehle-1-300x200.jpg 300w, http:\/\/fotobaerchen.de\/wp-content\/uploads\/2023\/05\/0005_PfingstenBayWald_Schrottenbaummuehle-1-150x100.jpg 150w, http:\/\/fotobaerchen.de\/wp-content\/uploads\/2023\/05\/0005_PfingstenBayWald_Schrottenbaummuehle-1-768x513.jpg 768w, http:\/\/fotobaerchen.de\/wp-content\/uploads\/2023\/05\/0005_PfingstenBayWald_Schrottenbaummuehle-1-1536x1025.jpg 1536w, http:\/\/fotobaerchen.de\/wp-content\/uploads\/2023\/05\/0005_PfingstenBayWald_Schrottenbaummuehle-1-2048x1367.jpg 2048w\" sizes=\"auto, (max-width: 706px) 89vw, (max-width: 767px) 82vw, 740px\" \/><\/figure><div class=\"wp-block-media-text__content\">\n<p>Los geht&#8217;s<\/p>\n<\/div><\/div>\n\n\n\n<div class=\"wp-block-columns is-layout-flex wp-container-core-columns-is-layout-9d6595d7 wp-block-columns-is-layout-flex\">\n<div class=\"wp-block-column is-layout-flow wp-block-column-is-layout-flow\">\n<figure class=\"wp-block-image size-large is-resized\"><img loading=\"lazy\" decoding=\"async\" src=\"http:\/\/fotobaerchen.de\/wp-content\/uploads\/2023\/05\/0006_PfingstenBayWald_Schrottenbaummuehle-1-1024x684.jpg\" alt=\"\" class=\"wp-image-1374\" width=\"320\" height=\"213\" srcset=\"http:\/\/fotobaerchen.de\/wp-content\/uploads\/2023\/05\/0006_PfingstenBayWald_Schrottenbaummuehle-1-1024x684.jpg 1024w, http:\/\/fotobaerchen.de\/wp-content\/uploads\/2023\/05\/0006_PfingstenBayWald_Schrottenbaummuehle-1-300x200.jpg 300w, http:\/\/fotobaerchen.de\/wp-content\/uploads\/2023\/05\/0006_PfingstenBayWald_Schrottenbaummuehle-1-150x100.jpg 150w, http:\/\/fotobaerchen.de\/wp-content\/uploads\/2023\/05\/0006_PfingstenBayWald_Schrottenbaummuehle-1-768x513.jpg 768w, http:\/\/fotobaerchen.de\/wp-content\/uploads\/2023\/05\/0006_PfingstenBayWald_Schrottenbaummuehle-1-1536x1025.jpg 1536w, http:\/\/fotobaerchen.de\/wp-content\/uploads\/2023\/05\/0006_PfingstenBayWald_Schrottenbaummuehle-1-2048x1367.jpg 2048w\" sizes=\"auto, (max-width: 320px) 100vw, 320px\" \/><\/figure>\n<\/div>\n\n\n\n<div class=\"wp-block-column is-layout-flow wp-block-column-is-layout-flow\">\n<figure class=\"wp-block-image size-large is-resized\"><img loading=\"lazy\" decoding=\"async\" src=\"http:\/\/fotobaerchen.de\/wp-content\/uploads\/2023\/05\/0007_PfingstenBayWald_Schrottenbaummuehle-1024x576.jpg\" alt=\"\" class=\"wp-image-1372\" width=\"338\" height=\"190\" srcset=\"http:\/\/fotobaerchen.de\/wp-content\/uploads\/2023\/05\/0007_PfingstenBayWald_Schrottenbaummuehle-1024x576.jpg 1024w, http:\/\/fotobaerchen.de\/wp-content\/uploads\/2023\/05\/0007_PfingstenBayWald_Schrottenbaummuehle-300x169.jpg 300w, http:\/\/fotobaerchen.de\/wp-content\/uploads\/2023\/05\/0007_PfingstenBayWald_Schrottenbaummuehle-150x84.jpg 150w, http:\/\/fotobaerchen.de\/wp-content\/uploads\/2023\/05\/0007_PfingstenBayWald_Schrottenbaummuehle-768x432.jpg 768w, http:\/\/fotobaerchen.de\/wp-content\/uploads\/2023\/05\/0007_PfingstenBayWald_Schrottenbaummuehle-1536x864.jpg 1536w, http:\/\/fotobaerchen.de\/wp-content\/uploads\/2023\/05\/0007_PfingstenBayWald_Schrottenbaummuehle-2048x1152.jpg 2048w\" sizes=\"auto, (max-width: 338px) 100vw, 338px\" \/><\/figure>\n\n\n\n<p>Durch&#8217;s satte Gr\u00fcn gehts vorw\u00e4rts&#8230;<\/p>\n<\/div>\n<\/div>\n\n\n\n<div class=\"wp-block-columns is-layout-flex wp-container-core-columns-is-layout-9d6595d7 wp-block-columns-is-layout-flex\">\n<div class=\"wp-block-column is-layout-flow wp-block-column-is-layout-flow\">\n<figure class=\"wp-block-image size-large\"><img loading=\"lazy\" decoding=\"async\" width=\"1024\" height=\"684\" src=\"http:\/\/fotobaerchen.de\/wp-content\/uploads\/2023\/05\/0008_PfingstenBayWald_Schrottenbaummuehle-1024x684.jpg\" alt=\"\" class=\"wp-image-1375\" srcset=\"http:\/\/fotobaerchen.de\/wp-content\/uploads\/2023\/05\/0008_PfingstenBayWald_Schrottenbaummuehle-1024x684.jpg 1024w, http:\/\/fotobaerchen.de\/wp-content\/uploads\/2023\/05\/0008_PfingstenBayWald_Schrottenbaummuehle-300x200.jpg 300w, http:\/\/fotobaerchen.de\/wp-content\/uploads\/2023\/05\/0008_PfingstenBayWald_Schrottenbaummuehle-150x100.jpg 150w, http:\/\/fotobaerchen.de\/wp-content\/uploads\/2023\/05\/0008_PfingstenBayWald_Schrottenbaummuehle-768x513.jpg 768w, http:\/\/fotobaerchen.de\/wp-content\/uploads\/2023\/05\/0008_PfingstenBayWald_Schrottenbaummuehle-1536x1025.jpg 1536w, http:\/\/fotobaerchen.de\/wp-content\/uploads\/2023\/05\/0008_PfingstenBayWald_Schrottenbaummuehle-2048x1367.jpg 2048w\" sizes=\"auto, (max-width: 706px) 89vw, (max-width: 767px) 82vw, 740px\" \/><\/figure>\n<\/div>\n\n\n\n<div class=\"wp-block-column is-layout-flow wp-block-column-is-layout-flow\">\n<figure class=\"wp-block-image size-large\"><img loading=\"lazy\" decoding=\"async\" width=\"1024\" height=\"576\" src=\"http:\/\/fotobaerchen.de\/wp-content\/uploads\/2023\/05\/0017_PfingstenBayWald_Schrottenbaummuehle-1024x576.jpg\" alt=\"\" class=\"wp-image-1378\" srcset=\"http:\/\/fotobaerchen.de\/wp-content\/uploads\/2023\/05\/0017_PfingstenBayWald_Schrottenbaummuehle-1024x576.jpg 1024w, http:\/\/fotobaerchen.de\/wp-content\/uploads\/2023\/05\/0017_PfingstenBayWald_Schrottenbaummuehle-300x169.jpg 300w, http:\/\/fotobaerchen.de\/wp-content\/uploads\/2023\/05\/0017_PfingstenBayWald_Schrottenbaummuehle-150x84.jpg 150w, http:\/\/fotobaerchen.de\/wp-content\/uploads\/2023\/05\/0017_PfingstenBayWald_Schrottenbaummuehle-768x432.jpg 768w, http:\/\/fotobaerchen.de\/wp-content\/uploads\/2023\/05\/0017_PfingstenBayWald_Schrottenbaummuehle-1536x864.jpg 1536w, http:\/\/fotobaerchen.de\/wp-content\/uploads\/2023\/05\/0017_PfingstenBayWald_Schrottenbaummuehle-2048x1152.jpg 2048w\" sizes=\"auto, (max-width: 706px) 89vw, (max-width: 767px) 82vw, 740px\" \/><\/figure>\n\n\n\n<p>&#8230; \u00fcber holprige Wege<\/p>\n<\/div>\n\n\n\n<div class=\"wp-block-column is-layout-flow wp-block-column-is-layout-flow\">\n<figure class=\"wp-block-image size-large is-resized\"><img loading=\"lazy\" decoding=\"async\" src=\"http:\/\/fotobaerchen.de\/wp-content\/uploads\/2023\/05\/0015_PfingstenBayWald_Schrottenbaummuehle-1024x576.jpg\" alt=\"\" class=\"wp-image-1377\" width=\"235\" height=\"132\" srcset=\"http:\/\/fotobaerchen.de\/wp-content\/uploads\/2023\/05\/0015_PfingstenBayWald_Schrottenbaummuehle-1024x576.jpg 1024w, http:\/\/fotobaerchen.de\/wp-content\/uploads\/2023\/05\/0015_PfingstenBayWald_Schrottenbaummuehle-300x169.jpg 300w, http:\/\/fotobaerchen.de\/wp-content\/uploads\/2023\/05\/0015_PfingstenBayWald_Schrottenbaummuehle-150x84.jpg 150w, http:\/\/fotobaerchen.de\/wp-content\/uploads\/2023\/05\/0015_PfingstenBayWald_Schrottenbaummuehle-768x432.jpg 768w, http:\/\/fotobaerchen.de\/wp-content\/uploads\/2023\/05\/0015_PfingstenBayWald_Schrottenbaummuehle-1536x864.jpg 1536w, http:\/\/fotobaerchen.de\/wp-content\/uploads\/2023\/05\/0015_PfingstenBayWald_Schrottenbaummuehle-2048x1152.jpg 2048w\" sizes=\"auto, (max-width: 235px) 100vw, 235px\" \/><\/figure>\n<\/div>\n<\/div>\n\n\n\n<hr class=\"wp-block-separator has-alpha-channel-opacity\"\/>\n\n\n\n<h2 class=\"wp-block-heading\"><strong>Wanderung zum Lusen<\/strong><\/h2>\n\n\n\n<figure class=\"wp-block-image size-full is-resized\"><img loading=\"lazy\" decoding=\"async\" src=\"http:\/\/fotobaerchen.de\/wp-content\/uploads\/2023\/05\/0030_PfingstenBayWald_Schrottenbaummuehle-scaled.jpg\" alt=\"\" class=\"wp-image-1379\" width=\"693\" height=\"462\" srcset=\"http:\/\/fotobaerchen.de\/wp-content\/uploads\/2023\/05\/0030_PfingstenBayWald_Schrottenbaummuehle-scaled.jpg 2560w, http:\/\/fotobaerchen.de\/wp-content\/uploads\/2023\/05\/0030_PfingstenBayWald_Schrottenbaummuehle-300x200.jpg 300w, http:\/\/fotobaerchen.de\/wp-content\/uploads\/2023\/05\/0030_PfingstenBayWald_Schrottenbaummuehle-1024x684.jpg 1024w, http:\/\/fotobaerchen.de\/wp-content\/uploads\/2023\/05\/0030_PfingstenBayWald_Schrottenbaummuehle-150x100.jpg 150w, http:\/\/fotobaerchen.de\/wp-content\/uploads\/2023\/05\/0030_PfingstenBayWald_Schrottenbaummuehle-768x513.jpg 768w, http:\/\/fotobaerchen.de\/wp-content\/uploads\/2023\/05\/0030_PfingstenBayWald_Schrottenbaummuehle-1536x1025.jpg 1536w, http:\/\/fotobaerchen.de\/wp-content\/uploads\/2023\/05\/0030_PfingstenBayWald_Schrottenbaummuehle-2048x1367.jpg 2048w\" sizes=\"auto, (max-width: 693px) 100vw, 693px\" \/><\/figure>\n\n\n\n<p>Spannende Felsformation &#8211; wie aufgeschichtet<\/p>\n\n\n\n<div class=\"wp-block-media-text alignwide is-stacked-on-mobile\" style=\"grid-template-columns:55% auto\"><figure class=\"wp-block-media-text__media\"><img loading=\"lazy\" decoding=\"async\" width=\"1024\" height=\"576\" src=\"http:\/\/fotobaerchen.de\/wp-content\/uploads\/2023\/05\/0024_PfingstenBayWald_Schrottenbaummuehle-1024x576.jpg\" alt=\"\" class=\"wp-image-1380 size-full\" srcset=\"http:\/\/fotobaerchen.de\/wp-content\/uploads\/2023\/05\/0024_PfingstenBayWald_Schrottenbaummuehle-1024x576.jpg 1024w, http:\/\/fotobaerchen.de\/wp-content\/uploads\/2023\/05\/0024_PfingstenBayWald_Schrottenbaummuehle-300x169.jpg 300w, http:\/\/fotobaerchen.de\/wp-content\/uploads\/2023\/05\/0024_PfingstenBayWald_Schrottenbaummuehle-150x84.jpg 150w, http:\/\/fotobaerchen.de\/wp-content\/uploads\/2023\/05\/0024_PfingstenBayWald_Schrottenbaummuehle-768x432.jpg 768w, http:\/\/fotobaerchen.de\/wp-content\/uploads\/2023\/05\/0024_PfingstenBayWald_Schrottenbaummuehle-1536x864.jpg 1536w, http:\/\/fotobaerchen.de\/wp-content\/uploads\/2023\/05\/0024_PfingstenBayWald_Schrottenbaummuehle-2048x1152.jpg 2048w\" sizes=\"auto, (max-width: 706px) 89vw, (max-width: 767px) 82vw, 740px\" \/><\/figure><div class=\"wp-block-media-text__content\">\n<p>Durch den naturbelassenen Wald geht es zu Fu\u00df in Richtung Lusen.<\/p>\n<\/div><\/div>\n\n\n\n<div class=\"wp-block-columns is-layout-flex wp-container-core-columns-is-layout-9d6595d7 wp-block-columns-is-layout-flex\">\n<div class=\"wp-block-column is-layout-flow wp-block-column-is-layout-flow\">\n<figure class=\"wp-block-image size-large\"><img loading=\"lazy\" decoding=\"async\" width=\"1024\" height=\"684\" src=\"http:\/\/fotobaerchen.de\/wp-content\/uploads\/2023\/05\/0026_PfingstenBayWald_Schrottenbaummuehle-1-1024x684.jpg\" alt=\"\" class=\"wp-image-1391\" srcset=\"http:\/\/fotobaerchen.de\/wp-content\/uploads\/2023\/05\/0026_PfingstenBayWald_Schrottenbaummuehle-1-1024x684.jpg 1024w, http:\/\/fotobaerchen.de\/wp-content\/uploads\/2023\/05\/0026_PfingstenBayWald_Schrottenbaummuehle-1-300x200.jpg 300w, http:\/\/fotobaerchen.de\/wp-content\/uploads\/2023\/05\/0026_PfingstenBayWald_Schrottenbaummuehle-1-150x100.jpg 150w, http:\/\/fotobaerchen.de\/wp-content\/uploads\/2023\/05\/0026_PfingstenBayWald_Schrottenbaummuehle-1-768x513.jpg 768w, http:\/\/fotobaerchen.de\/wp-content\/uploads\/2023\/05\/0026_PfingstenBayWald_Schrottenbaummuehle-1-1536x1025.jpg 1536w, http:\/\/fotobaerchen.de\/wp-content\/uploads\/2023\/05\/0026_PfingstenBayWald_Schrottenbaummuehle-1-2048x1367.jpg 2048w\" sizes=\"auto, (max-width: 706px) 89vw, (max-width: 767px) 82vw, 740px\" \/><\/figure>\n\n\n\n<figure class=\"wp-block-image size-large\"><img loading=\"lazy\" decoding=\"async\" width=\"1024\" height=\"684\" src=\"http:\/\/fotobaerchen.de\/wp-content\/uploads\/2023\/05\/0035_PfingstenBayWald_Schrottenbaummuehle-1024x684.jpg\" alt=\"\" class=\"wp-image-1394\" srcset=\"http:\/\/fotobaerchen.de\/wp-content\/uploads\/2023\/05\/0035_PfingstenBayWald_Schrottenbaummuehle-1024x684.jpg 1024w, http:\/\/fotobaerchen.de\/wp-content\/uploads\/2023\/05\/0035_PfingstenBayWald_Schrottenbaummuehle-300x200.jpg 300w, http:\/\/fotobaerchen.de\/wp-content\/uploads\/2023\/05\/0035_PfingstenBayWald_Schrottenbaummuehle-150x100.jpg 150w, http:\/\/fotobaerchen.de\/wp-content\/uploads\/2023\/05\/0035_PfingstenBayWald_Schrottenbaummuehle-768x513.jpg 768w, http:\/\/fotobaerchen.de\/wp-content\/uploads\/2023\/05\/0035_PfingstenBayWald_Schrottenbaummuehle-1536x1025.jpg 1536w, http:\/\/fotobaerchen.de\/wp-content\/uploads\/2023\/05\/0035_PfingstenBayWald_Schrottenbaummuehle-2048x1367.jpg 2048w\" sizes=\"auto, (max-width: 706px) 89vw, (max-width: 767px) 82vw, 740px\" \/><\/figure>\n<\/div>\n\n\n\n<div class=\"wp-block-column is-layout-flow wp-block-column-is-layout-flow\">\n<figure class=\"wp-block-image size-large is-resized\"><img loading=\"lazy\" decoding=\"async\" src=\"http:\/\/fotobaerchen.de\/wp-content\/uploads\/2023\/05\/0029_PfingstenBayWald_Schrottenbaummuehle-669x1024.jpg\" alt=\"\" class=\"wp-image-1392\" width=\"187\" height=\"285\" srcset=\"http:\/\/fotobaerchen.de\/wp-content\/uploads\/2023\/05\/0029_PfingstenBayWald_Schrottenbaummuehle-669x1024.jpg 669w, http:\/\/fotobaerchen.de\/wp-content\/uploads\/2023\/05\/0029_PfingstenBayWald_Schrottenbaummuehle-196x300.jpg 196w, http:\/\/fotobaerchen.de\/wp-content\/uploads\/2023\/05\/0029_PfingstenBayWald_Schrottenbaummuehle-98x150.jpg 98w, http:\/\/fotobaerchen.de\/wp-content\/uploads\/2023\/05\/0029_PfingstenBayWald_Schrottenbaummuehle-768x1175.jpg 768w, http:\/\/fotobaerchen.de\/wp-content\/uploads\/2023\/05\/0029_PfingstenBayWald_Schrottenbaummuehle-1004x1536.jpg 1004w, http:\/\/fotobaerchen.de\/wp-content\/uploads\/2023\/05\/0029_PfingstenBayWald_Schrottenbaummuehle-1339x2048.jpg 1339w, http:\/\/fotobaerchen.de\/wp-content\/uploads\/2023\/05\/0029_PfingstenBayWald_Schrottenbaummuehle-scaled.jpg 1674w\" sizes=\"auto, (max-width: 187px) 100vw, 187px\" \/><\/figure>\n<\/div>\n\n\n\n<div class=\"wp-block-column is-layout-flow wp-block-column-is-layout-flow\">\n<figure class=\"wp-block-image size-large\"><img loading=\"lazy\" decoding=\"async\" width=\"1024\" height=\"576\" src=\"http:\/\/fotobaerchen.de\/wp-content\/uploads\/2023\/05\/0032_PfingstenBayWald_Schrottenbaummuehle-1024x576.jpg\" alt=\"\" class=\"wp-image-1393\" srcset=\"http:\/\/fotobaerchen.de\/wp-content\/uploads\/2023\/05\/0032_PfingstenBayWald_Schrottenbaummuehle-1024x576.jpg 1024w, http:\/\/fotobaerchen.de\/wp-content\/uploads\/2023\/05\/0032_PfingstenBayWald_Schrottenbaummuehle-300x169.jpg 300w, http:\/\/fotobaerchen.de\/wp-content\/uploads\/2023\/05\/0032_PfingstenBayWald_Schrottenbaummuehle-150x84.jpg 150w, http:\/\/fotobaerchen.de\/wp-content\/uploads\/2023\/05\/0032_PfingstenBayWald_Schrottenbaummuehle-768x432.jpg 768w, http:\/\/fotobaerchen.de\/wp-content\/uploads\/2023\/05\/0032_PfingstenBayWald_Schrottenbaummuehle-1536x864.jpg 1536w, http:\/\/fotobaerchen.de\/wp-content\/uploads\/2023\/05\/0032_PfingstenBayWald_Schrottenbaummuehle-2048x1152.jpg 2048w\" sizes=\"auto, (max-width: 706px) 89vw, (max-width: 767px) 82vw, 740px\" \/><\/figure>\n\n\n\n<figure class=\"wp-block-image size-large\"><img loading=\"lazy\" decoding=\"async\" width=\"1024\" height=\"684\" src=\"http:\/\/fotobaerchen.de\/wp-content\/uploads\/2023\/05\/0034_PfingstenBayWald_Schrottenbaummuehle-1024x684.jpg\" alt=\"\" class=\"wp-image-1396\" srcset=\"http:\/\/fotobaerchen.de\/wp-content\/uploads\/2023\/05\/0034_PfingstenBayWald_Schrottenbaummuehle-1024x684.jpg 1024w, http:\/\/fotobaerchen.de\/wp-content\/uploads\/2023\/05\/0034_PfingstenBayWald_Schrottenbaummuehle-300x200.jpg 300w, http:\/\/fotobaerchen.de\/wp-content\/uploads\/2023\/05\/0034_PfingstenBayWald_Schrottenbaummuehle-150x100.jpg 150w, http:\/\/fotobaerchen.de\/wp-content\/uploads\/2023\/05\/0034_PfingstenBayWald_Schrottenbaummuehle-768x513.jpg 768w, http:\/\/fotobaerchen.de\/wp-content\/uploads\/2023\/05\/0034_PfingstenBayWald_Schrottenbaummuehle-1536x1025.jpg 1536w, http:\/\/fotobaerchen.de\/wp-content\/uploads\/2023\/05\/0034_PfingstenBayWald_Schrottenbaummuehle-2048x1367.jpg 2048w\" sizes=\"auto, (max-width: 706px) 89vw, (max-width: 767px) 82vw, 740px\" \/><\/figure>\n<\/div>\n<\/div>\n\n\n\n<figure class=\"wp-block-image size-large\"><img loading=\"lazy\" decoding=\"async\" width=\"1024\" height=\"351\" src=\"http:\/\/fotobaerchen.de\/wp-content\/uploads\/2023\/05\/0031_PfingstenBayWald_Schrottenbaummuehle-1024x351.jpg\" alt=\"\" class=\"wp-image-1395\" srcset=\"http:\/\/fotobaerchen.de\/wp-content\/uploads\/2023\/05\/0031_PfingstenBayWald_Schrottenbaummuehle-1024x351.jpg 1024w, http:\/\/fotobaerchen.de\/wp-content\/uploads\/2023\/05\/0031_PfingstenBayWald_Schrottenbaummuehle-300x103.jpg 300w, http:\/\/fotobaerchen.de\/wp-content\/uploads\/2023\/05\/0031_PfingstenBayWald_Schrottenbaummuehle-150x51.jpg 150w, http:\/\/fotobaerchen.de\/wp-content\/uploads\/2023\/05\/0031_PfingstenBayWald_Schrottenbaummuehle-768x263.jpg 768w, http:\/\/fotobaerchen.de\/wp-content\/uploads\/2023\/05\/0031_PfingstenBayWald_Schrottenbaummuehle-1536x526.jpg 1536w, http:\/\/fotobaerchen.de\/wp-content\/uploads\/2023\/05\/0031_PfingstenBayWald_Schrottenbaummuehle-2048x701.jpg 2048w\" sizes=\"auto, (max-width: 706px) 89vw, (max-width: 767px) 82vw, 740px\" \/><\/figure>\n\n\n\n<div class=\"wp-block-columns is-layout-flex wp-container-core-columns-is-layout-9d6595d7 wp-block-columns-is-layout-flex\">\n<div class=\"wp-block-column is-layout-flow wp-block-column-is-layout-flow\">\n<figure class=\"wp-block-image size-large\"><img loading=\"lazy\" decoding=\"async\" width=\"1024\" height=\"684\" src=\"http:\/\/fotobaerchen.de\/wp-content\/uploads\/2023\/05\/0037_PfingstenBayWald_Schrottenbaummuehle-1024x684.jpg\" alt=\"\" class=\"wp-image-1397\" srcset=\"http:\/\/fotobaerchen.de\/wp-content\/uploads\/2023\/05\/0037_PfingstenBayWald_Schrottenbaummuehle-1024x684.jpg 1024w, http:\/\/fotobaerchen.de\/wp-content\/uploads\/2023\/05\/0037_PfingstenBayWald_Schrottenbaummuehle-300x200.jpg 300w, http:\/\/fotobaerchen.de\/wp-content\/uploads\/2023\/05\/0037_PfingstenBayWald_Schrottenbaummuehle-150x100.jpg 150w, http:\/\/fotobaerchen.de\/wp-content\/uploads\/2023\/05\/0037_PfingstenBayWald_Schrottenbaummuehle-768x513.jpg 768w, http:\/\/fotobaerchen.de\/wp-content\/uploads\/2023\/05\/0037_PfingstenBayWald_Schrottenbaummuehle-1536x1025.jpg 1536w, http:\/\/fotobaerchen.de\/wp-content\/uploads\/2023\/05\/0037_PfingstenBayWald_Schrottenbaummuehle-2048x1367.jpg 2048w\" sizes=\"auto, (max-width: 706px) 89vw, (max-width: 767px) 82vw, 740px\" \/><\/figure>\n<\/div>\n\n\n\n<div class=\"wp-block-column is-layout-flow wp-block-column-is-layout-flow\">\n<figure class=\"wp-block-image size-large\"><img loading=\"lazy\" decoding=\"async\" width=\"1024\" height=\"684\" src=\"http:\/\/fotobaerchen.de\/wp-content\/uploads\/2023\/05\/0038_PfingstenBayWald_Schrottenbaummuehle-1024x684.jpg\" alt=\"\" class=\"wp-image-1398\" srcset=\"http:\/\/fotobaerchen.de\/wp-content\/uploads\/2023\/05\/0038_PfingstenBayWald_Schrottenbaummuehle-1024x684.jpg 1024w, http:\/\/fotobaerchen.de\/wp-content\/uploads\/2023\/05\/0038_PfingstenBayWald_Schrottenbaummuehle-300x200.jpg 300w, http:\/\/fotobaerchen.de\/wp-content\/uploads\/2023\/05\/0038_PfingstenBayWald_Schrottenbaummuehle-150x100.jpg 150w, http:\/\/fotobaerchen.de\/wp-content\/uploads\/2023\/05\/0038_PfingstenBayWald_Schrottenbaummuehle-768x513.jpg 768w, http:\/\/fotobaerchen.de\/wp-content\/uploads\/2023\/05\/0038_PfingstenBayWald_Schrottenbaummuehle-1536x1025.jpg 1536w, http:\/\/fotobaerchen.de\/wp-content\/uploads\/2023\/05\/0038_PfingstenBayWald_Schrottenbaummuehle-2048x1367.jpg 2048w\" sizes=\"auto, (max-width: 706px) 89vw, (max-width: 767px) 82vw, 740px\" \/><\/figure>\n<\/div>\n\n\n\n<div class=\"wp-block-column is-layout-flow wp-block-column-is-layout-flow\">\n<figure class=\"wp-block-image size-large\"><img loading=\"lazy\" decoding=\"async\" width=\"1024\" height=\"684\" src=\"http:\/\/fotobaerchen.de\/wp-content\/uploads\/2023\/05\/0042_PfingstenBayWald_Schrottenbaummuehle-1024x684.jpg\" alt=\"\" class=\"wp-image-1399\" srcset=\"http:\/\/fotobaerchen.de\/wp-content\/uploads\/2023\/05\/0042_PfingstenBayWald_Schrottenbaummuehle-1024x684.jpg 1024w, http:\/\/fotobaerchen.de\/wp-content\/uploads\/2023\/05\/0042_PfingstenBayWald_Schrottenbaummuehle-300x200.jpg 300w, http:\/\/fotobaerchen.de\/wp-content\/uploads\/2023\/05\/0042_PfingstenBayWald_Schrottenbaummuehle-150x100.jpg 150w, http:\/\/fotobaerchen.de\/wp-content\/uploads\/2023\/05\/0042_PfingstenBayWald_Schrottenbaummuehle-768x513.jpg 768w, http:\/\/fotobaerchen.de\/wp-content\/uploads\/2023\/05\/0042_PfingstenBayWald_Schrottenbaummuehle-1536x1025.jpg 1536w, http:\/\/fotobaerchen.de\/wp-content\/uploads\/2023\/05\/0042_PfingstenBayWald_Schrottenbaummuehle-2048x1367.jpg 2048w\" sizes=\"auto, (max-width: 706px) 89vw, (max-width: 767px) 82vw, 740px\" \/><\/figure>\n<\/div>\n<\/div>\n\n\n\n<p>Glas spielt hier eine gro\u00dfe Rolle<\/p>\n\n\n\n<hr class=\"wp-block-separator has-alpha-channel-opacity\"\/>\n","protected":false},"excerpt":{"rendered":"<p>ILLSE-Schrottenbaumm\u00fchle Pfingsten 2021 Bayerischer Wald Der Corona-Krise entfliehen. Gute Phase erwischt. Vollesetzte Bierg\u00e4rten waren im ersten Moment etwas befremdlich aber auch sch\u00f6n sie wieder zu haben. Stellplatz an der Ilz &#8211; ein Traum Radtour an der ILZ Los geht&#8217;s Durch&#8217;s satte Gr\u00fcn gehts vorw\u00e4rts&#8230; &#8230; \u00fcber holprige Wege Wanderung zum Lusen Spannende Felsformation &#8211; wie &hellip; <\/p>\n<p class=\"link-more\"><a href=\"http:\/\/fotobaerchen.de\/?page_id=1366\" class=\"more-link\"><span class=\"screen-reader-text\">\u201eILLSE-Schrottenbaumm\u00fchle Pfingsten 2021\u201c <\/span>weiterlesen<\/a><\/p>\n","protected":false},"author":1,"featured_media":0,"parent":1246,"menu_order":0,"comment_status":"closed","ping_status":"closed","template":"","meta":{"footnotes":""},"class_list":["post-1366","page","type-page","status-publish","hentry"],"_links":{"self":[{"href":"http:\/\/fotobaerchen.de\/index.php?rest_route=\/wp\/v2\/pages\/1366","targetHints":{"allow":["GET"]}}],"collection":[{"href":"http:\/\/fotobaerchen.de\/index.php?rest_route=\/wp\/v2\/pages"}],"about":[{"href":"http:\/\/fotobaerchen.de\/index.php?rest_route=\/wp\/v2\/types\/page"}],"author":[{"embeddable":true,"href":"http:\/\/fotobaerchen.de\/index.php?rest_route=\/wp\/v2\/users\/1"}],"replies":[{"embeddable":true,"href":"http:\/\/fotobaerchen.de\/index.php?rest_route=%2Fwp%2Fv2%2Fcomments&post=1366"}],"version-history":[{"count":5,"href":"http:\/\/fotobaerchen.de\/index.php?rest_route=\/wp\/v2\/pages\/1366\/revisions"}],"predecessor-version":[{"id":1400,"href":"http:\/\/fotobaerchen.de\/index.php?rest_route=\/wp\/v2\/pages\/1366\/revisions\/1400"}],"up":[{"embeddable":true,"href":"http:\/\/fotobaerchen.de\/index.php?rest_route=\/wp\/v2\/pages\/1246"}],"wp:attachment":[{"href":"http:\/\/fotobaerchen.de\/index.php?rest_route=%2Fwp%2Fv2%2Fmedia&parent=1366"}],"curies":[{"name":"wp","href":"https:\/\/api.w.org\/{rel}","templated":true}]}}