{"id":1425,"date":"2023-06-15T21:09:34","date_gmt":"2023-06-15T21:09:34","guid":{"rendered":"http:\/\/fotobaerchen.de\/?page_id=1425"},"modified":"2023-06-29T22:08:00","modified_gmt":"2023-06-29T22:08:00","slug":"donauradweg-von-der-quelle-bis-wien","status":"publish","type":"page","link":"http:\/\/fotobaerchen.de\/?page_id=1425","title":{"rendered":"Donauradweg"},"content":{"rendered":"\n<p>Von der Quelle bis Wien &#8211; Radtour in 4 Etappen<\/p>\n\n\n\n<p>Gestartet haben wir die Tour zu Pfingsten 2019 mit der Etappe von Ulm  nach Regensburg. Im Folgejahr sollte es von Regensburg \u00fcber Passau nach Linz gehen. Doch Corona zwang uns zu einer Verschiebung ins Jahr 2022. Aber da war es dann so weit. Zu Pfingsten 2023 haben wir dann die L\u00fccke von der Quelle in Donaueschingen bis Ulm geschlossen. Nach Wien gehts dann im Jahr 2024. Vielleicht geht&#8217;s auch noch weiter. Wer wei\u00df. <\/p>\n\n\n\n<p>Die folgende Bilderreihen seht Ihr in Strecken-Chronologischer Reihenfolge.<\/p>\n\n\n\n<p><\/p>\n\n\n\n<h2 class=\"wp-block-heading has-large-font-size\" style=\"font-style:normal;font-weight:200\">Donaueschingen &#8211; Ulm<\/h2>\n\n\n\n<p class=\"has-medium-font-size\">3 Radeltage; ca. 250km<\/p>\n\n\n\n<p>Die Anreise zum Startpunkt erfolgt per Zug, was in manchen Momenten doch f\u00fcr ertwasnVerwunderung und Kopfsch\u00fctteln gesorgt hat aber im Gro\u00dfen und Ganzen gut funktioniert hat.<\/p>\n\n\n\n<div class=\"wp-block-columns is-layout-flex wp-container-core-columns-is-layout-9d6595d7 wp-block-columns-is-layout-flex\">\n<div class=\"wp-block-column is-layout-flow wp-block-column-is-layout-flow\">\n<figure class=\"wp-block-image size-large\"><img loading=\"lazy\" decoding=\"async\" width=\"1024\" height=\"576\" src=\"http:\/\/fotobaerchen.de\/wp-content\/uploads\/2023\/06\/0003_Radltour_Donaueschngen-Ulm-1024x576.jpg\" alt=\"\" class=\"wp-image-1426\" srcset=\"http:\/\/fotobaerchen.de\/wp-content\/uploads\/2023\/06\/0003_Radltour_Donaueschngen-Ulm-1024x576.jpg 1024w, http:\/\/fotobaerchen.de\/wp-content\/uploads\/2023\/06\/0003_Radltour_Donaueschngen-Ulm-300x169.jpg 300w, http:\/\/fotobaerchen.de\/wp-content\/uploads\/2023\/06\/0003_Radltour_Donaueschngen-Ulm-150x84.jpg 150w, http:\/\/fotobaerchen.de\/wp-content\/uploads\/2023\/06\/0003_Radltour_Donaueschngen-Ulm-768x432.jpg 768w, http:\/\/fotobaerchen.de\/wp-content\/uploads\/2023\/06\/0003_Radltour_Donaueschngen-Ulm-1536x864.jpg 1536w, http:\/\/fotobaerchen.de\/wp-content\/uploads\/2023\/06\/0003_Radltour_Donaueschngen-Ulm-2048x1152.jpg 2048w\" sizes=\"auto, (max-width: 706px) 89vw, (max-width: 767px) 82vw, 740px\" \/><\/figure>\n\n\n\n<div class=\"wp-block-media-text alignwide is-stacked-on-mobile\" style=\"grid-template-columns:85% auto\"><figure class=\"wp-block-media-text__media\"><video controls src=\"http:\/\/fotobaerchen.de\/wp-content\/uploads\/2023\/06\/20230606_153954.mp4\"><\/video><\/figure><div class=\"wp-block-media-text__content\">\n<p><\/p>\n<\/div><\/div>\n<\/div>\n\n\n\n<div class=\"wp-block-column is-layout-flow wp-block-column-is-layout-flow\">\n<figure class=\"wp-block-image size-large\"><img loading=\"lazy\" decoding=\"async\" width=\"1024\" height=\"576\" src=\"http:\/\/fotobaerchen.de\/wp-content\/uploads\/2023\/06\/0002_Radltour_Donaueschngen-Ulm-1024x576.jpg\" alt=\"\" class=\"wp-image-1427\" srcset=\"http:\/\/fotobaerchen.de\/wp-content\/uploads\/2023\/06\/0002_Radltour_Donaueschngen-Ulm-1024x576.jpg 1024w, http:\/\/fotobaerchen.de\/wp-content\/uploads\/2023\/06\/0002_Radltour_Donaueschngen-Ulm-300x169.jpg 300w, http:\/\/fotobaerchen.de\/wp-content\/uploads\/2023\/06\/0002_Radltour_Donaueschngen-Ulm-150x84.jpg 150w, http:\/\/fotobaerchen.de\/wp-content\/uploads\/2023\/06\/0002_Radltour_Donaueschngen-Ulm-768x432.jpg 768w, http:\/\/fotobaerchen.de\/wp-content\/uploads\/2023\/06\/0002_Radltour_Donaueschngen-Ulm-1536x864.jpg 1536w, http:\/\/fotobaerchen.de\/wp-content\/uploads\/2023\/06\/0002_Radltour_Donaueschngen-Ulm-2048x1152.jpg 2048w\" sizes=\"auto, (max-width: 706px) 89vw, (max-width: 767px) 82vw, 740px\" \/><\/figure>\n\n\n\n<figure class=\"wp-block-image size-large\"><img loading=\"lazy\" decoding=\"async\" width=\"684\" height=\"1024\" src=\"http:\/\/fotobaerchen.de\/wp-content\/uploads\/2023\/06\/0004_Radltour_Donaueschngen-Ulm-684x1024.jpg\" alt=\"\" class=\"wp-image-1428\" srcset=\"http:\/\/fotobaerchen.de\/wp-content\/uploads\/2023\/06\/0004_Radltour_Donaueschngen-Ulm-684x1024.jpg 684w, http:\/\/fotobaerchen.de\/wp-content\/uploads\/2023\/06\/0004_Radltour_Donaueschngen-Ulm-200x300.jpg 200w, http:\/\/fotobaerchen.de\/wp-content\/uploads\/2023\/06\/0004_Radltour_Donaueschngen-Ulm-100x150.jpg 100w, http:\/\/fotobaerchen.de\/wp-content\/uploads\/2023\/06\/0004_Radltour_Donaueschngen-Ulm-768x1150.jpg 768w, http:\/\/fotobaerchen.de\/wp-content\/uploads\/2023\/06\/0004_Radltour_Donaueschngen-Ulm-1025x1536.jpg 1025w, http:\/\/fotobaerchen.de\/wp-content\/uploads\/2023\/06\/0004_Radltour_Donaueschngen-Ulm-1367x2048.jpg 1367w, http:\/\/fotobaerchen.de\/wp-content\/uploads\/2023\/06\/0004_Radltour_Donaueschngen-Ulm-scaled.jpg 1709w\" sizes=\"auto, (max-width: 684px) 100vw, 684px\" \/><\/figure>\n<\/div>\n\n\n\n<div class=\"wp-block-column is-layout-flow wp-block-column-is-layout-flow\">\n<p>Ein Radabteil, damit man es hat.<\/p>\n\n\n\n<p><\/p>\n\n\n\n<p>Das hab ich schon Benutzerfeunlich gesehe<\/p>\n<\/div>\n<\/div>\n\n\n\n<h2 class=\"wp-block-heading\">Donaueschingen<\/h2>\n\n\n\n<p>Quelle und Entstehung der Donau. <\/p>\n\n\n\n<p>Kurz hinter der Donauquelle mit dem Ende der Brigach und den Zufl\u00fcssen der &#8222;Breg&#8220; und der &#8222;Stille Musel&#8220; startet die Donau endg\u00fcltig Richtung Schwarzes Meer.<\/p>\n\n\n\n<h2 class=\"wp-block-heading has-medium-font-size\" style=\"font-style:normal;font-weight:600\">Donauquelle<\/h2>\n\n\n\n<figure class=\"wp-block-image size-large\"><img loading=\"lazy\" decoding=\"async\" width=\"1024\" height=\"576\" src=\"http:\/\/fotobaerchen.de\/wp-content\/uploads\/2023\/06\/0013_Radltour_Donaueschngen-Ulm-1024x576.jpg\" alt=\"\" class=\"wp-image-1455\" srcset=\"http:\/\/fotobaerchen.de\/wp-content\/uploads\/2023\/06\/0013_Radltour_Donaueschngen-Ulm-1024x576.jpg 1024w, http:\/\/fotobaerchen.de\/wp-content\/uploads\/2023\/06\/0013_Radltour_Donaueschngen-Ulm-300x169.jpg 300w, http:\/\/fotobaerchen.de\/wp-content\/uploads\/2023\/06\/0013_Radltour_Donaueschngen-Ulm-150x84.jpg 150w, http:\/\/fotobaerchen.de\/wp-content\/uploads\/2023\/06\/0013_Radltour_Donaueschngen-Ulm-768x432.jpg 768w, http:\/\/fotobaerchen.de\/wp-content\/uploads\/2023\/06\/0013_Radltour_Donaueschngen-Ulm-1536x864.jpg 1536w, http:\/\/fotobaerchen.de\/wp-content\/uploads\/2023\/06\/0013_Radltour_Donaueschngen-Ulm-2048x1152.jpg 2048w\" sizes=\"auto, (max-width: 706px) 89vw, (max-width: 767px) 82vw, 740px\" \/><\/figure>\n\n\n\n<div class=\"wp-block-columns is-layout-flex wp-container-core-columns-is-layout-9d6595d7 wp-block-columns-is-layout-flex\">\n<div class=\"wp-block-column is-layout-flow wp-block-column-is-layout-flow\">\n<figure class=\"wp-block-image size-large\"><img loading=\"lazy\" decoding=\"async\" width=\"1024\" height=\"576\" src=\"http:\/\/fotobaerchen.de\/wp-content\/uploads\/2023\/06\/0012_Radltour_Donaueschngen-Ulm-1024x576.jpg\" alt=\"\" class=\"wp-image-1454\" srcset=\"http:\/\/fotobaerchen.de\/wp-content\/uploads\/2023\/06\/0012_Radltour_Donaueschngen-Ulm-1024x576.jpg 1024w, http:\/\/fotobaerchen.de\/wp-content\/uploads\/2023\/06\/0012_Radltour_Donaueschngen-Ulm-300x169.jpg 300w, http:\/\/fotobaerchen.de\/wp-content\/uploads\/2023\/06\/0012_Radltour_Donaueschngen-Ulm-150x84.jpg 150w, http:\/\/fotobaerchen.de\/wp-content\/uploads\/2023\/06\/0012_Radltour_Donaueschngen-Ulm-768x432.jpg 768w, http:\/\/fotobaerchen.de\/wp-content\/uploads\/2023\/06\/0012_Radltour_Donaueschngen-Ulm-1536x864.jpg 1536w, http:\/\/fotobaerchen.de\/wp-content\/uploads\/2023\/06\/0012_Radltour_Donaueschngen-Ulm-2048x1152.jpg 2048w\" sizes=\"auto, (max-width: 706px) 89vw, (max-width: 767px) 82vw, 740px\" \/><\/figure>\n<\/div>\n\n\n\n<div class=\"wp-block-column is-layout-flow wp-block-column-is-layout-flow\">\n<figure class=\"wp-block-image size-large\"><img loading=\"lazy\" decoding=\"async\" width=\"1024\" height=\"576\" src=\"http:\/\/fotobaerchen.de\/wp-content\/uploads\/2023\/06\/0010_Radltour_Donaueschngen-Ulm-1024x576.jpg\" alt=\"\" class=\"wp-image-1452\" srcset=\"http:\/\/fotobaerchen.de\/wp-content\/uploads\/2023\/06\/0010_Radltour_Donaueschngen-Ulm-1024x576.jpg 1024w, http:\/\/fotobaerchen.de\/wp-content\/uploads\/2023\/06\/0010_Radltour_Donaueschngen-Ulm-300x169.jpg 300w, http:\/\/fotobaerchen.de\/wp-content\/uploads\/2023\/06\/0010_Radltour_Donaueschngen-Ulm-150x84.jpg 150w, http:\/\/fotobaerchen.de\/wp-content\/uploads\/2023\/06\/0010_Radltour_Donaueschngen-Ulm-768x432.jpg 768w, http:\/\/fotobaerchen.de\/wp-content\/uploads\/2023\/06\/0010_Radltour_Donaueschngen-Ulm-1536x864.jpg 1536w, http:\/\/fotobaerchen.de\/wp-content\/uploads\/2023\/06\/0010_Radltour_Donaueschngen-Ulm-2048x1152.jpg 2048w\" sizes=\"auto, (max-width: 706px) 89vw, (max-width: 767px) 82vw, 740px\" \/><\/figure>\n<\/div>\n<\/div>\n\n\n\n<h2 class=\"wp-block-heading\">Donaueschingen<\/h2>\n\n\n\n<div class=\"wp-block-columns is-layout-flex wp-container-core-columns-is-layout-9d6595d7 wp-block-columns-is-layout-flex\">\n<div class=\"wp-block-column is-layout-flow wp-block-column-is-layout-flow\">\n<figure class=\"wp-block-image size-large\"><img loading=\"lazy\" decoding=\"async\" width=\"1024\" height=\"684\" src=\"http:\/\/fotobaerchen.de\/wp-content\/uploads\/2023\/06\/0005_Radltour_Donaueschngen-Ulm-1024x684.jpg\" alt=\"\" class=\"wp-image-1447\" srcset=\"http:\/\/fotobaerchen.de\/wp-content\/uploads\/2023\/06\/0005_Radltour_Donaueschngen-Ulm-1024x684.jpg 1024w, http:\/\/fotobaerchen.de\/wp-content\/uploads\/2023\/06\/0005_Radltour_Donaueschngen-Ulm-300x200.jpg 300w, http:\/\/fotobaerchen.de\/wp-content\/uploads\/2023\/06\/0005_Radltour_Donaueschngen-Ulm-150x100.jpg 150w, http:\/\/fotobaerchen.de\/wp-content\/uploads\/2023\/06\/0005_Radltour_Donaueschngen-Ulm-768x513.jpg 768w, http:\/\/fotobaerchen.de\/wp-content\/uploads\/2023\/06\/0005_Radltour_Donaueschngen-Ulm-1536x1025.jpg 1536w, http:\/\/fotobaerchen.de\/wp-content\/uploads\/2023\/06\/0005_Radltour_Donaueschngen-Ulm-2048x1367.jpg 2048w\" sizes=\"auto, (max-width: 706px) 89vw, (max-width: 767px) 82vw, 740px\" \/><\/figure>\n<\/div>\n\n\n\n<div class=\"wp-block-column is-layout-flow wp-block-column-is-layout-flow\">\n<figure class=\"wp-block-image size-large\"><img loading=\"lazy\" decoding=\"async\" width=\"1024\" height=\"684\" src=\"http:\/\/fotobaerchen.de\/wp-content\/uploads\/2023\/06\/0009_Radltour_Donaueschngen-Ulm-1024x684.jpg\" alt=\"\" class=\"wp-image-1451\" srcset=\"http:\/\/fotobaerchen.de\/wp-content\/uploads\/2023\/06\/0009_Radltour_Donaueschngen-Ulm-1024x684.jpg 1024w, http:\/\/fotobaerchen.de\/wp-content\/uploads\/2023\/06\/0009_Radltour_Donaueschngen-Ulm-300x200.jpg 300w, http:\/\/fotobaerchen.de\/wp-content\/uploads\/2023\/06\/0009_Radltour_Donaueschngen-Ulm-150x100.jpg 150w, http:\/\/fotobaerchen.de\/wp-content\/uploads\/2023\/06\/0009_Radltour_Donaueschngen-Ulm-768x513.jpg 768w, http:\/\/fotobaerchen.de\/wp-content\/uploads\/2023\/06\/0009_Radltour_Donaueschngen-Ulm-1536x1025.jpg 1536w, http:\/\/fotobaerchen.de\/wp-content\/uploads\/2023\/06\/0009_Radltour_Donaueschngen-Ulm-2048x1367.jpg 2048w\" sizes=\"auto, (max-width: 706px) 89vw, (max-width: 767px) 82vw, 740px\" \/><\/figure>\n<\/div>\n<\/div>\n\n\n\n<div class=\"wp-block-columns is-layout-flex wp-container-core-columns-is-layout-9d6595d7 wp-block-columns-is-layout-flex\">\n<div class=\"wp-block-column is-layout-flow wp-block-column-is-layout-flow\">\n<figure class=\"wp-block-image size-large is-resized\"><img loading=\"lazy\" decoding=\"async\" src=\"http:\/\/fotobaerchen.de\/wp-content\/uploads\/2023\/06\/0008_Radltour_Donaueschngen-Ulm-1024x684.jpg\" alt=\"\" class=\"wp-image-1450\" width=\"325\" height=\"216\" srcset=\"http:\/\/fotobaerchen.de\/wp-content\/uploads\/2023\/06\/0008_Radltour_Donaueschngen-Ulm-1024x684.jpg 1024w, http:\/\/fotobaerchen.de\/wp-content\/uploads\/2023\/06\/0008_Radltour_Donaueschngen-Ulm-300x200.jpg 300w, http:\/\/fotobaerchen.de\/wp-content\/uploads\/2023\/06\/0008_Radltour_Donaueschngen-Ulm-150x100.jpg 150w, http:\/\/fotobaerchen.de\/wp-content\/uploads\/2023\/06\/0008_Radltour_Donaueschngen-Ulm-768x513.jpg 768w, http:\/\/fotobaerchen.de\/wp-content\/uploads\/2023\/06\/0008_Radltour_Donaueschngen-Ulm-1536x1025.jpg 1536w, http:\/\/fotobaerchen.de\/wp-content\/uploads\/2023\/06\/0008_Radltour_Donaueschngen-Ulm-2048x1367.jpg 2048w\" sizes=\"auto, (max-width: 325px) 100vw, 325px\" \/><\/figure>\n\n\n\n<figure class=\"wp-block-image size-large\"><img loading=\"lazy\" decoding=\"async\" width=\"1024\" height=\"576\" src=\"http:\/\/fotobaerchen.de\/wp-content\/uploads\/2023\/06\/0015_Radltour_Donaueschngen-Ulm-1024x576.jpg\" alt=\"\" class=\"wp-image-1457\" srcset=\"http:\/\/fotobaerchen.de\/wp-content\/uploads\/2023\/06\/0015_Radltour_Donaueschngen-Ulm-1024x576.jpg 1024w, http:\/\/fotobaerchen.de\/wp-content\/uploads\/2023\/06\/0015_Radltour_Donaueschngen-Ulm-300x169.jpg 300w, http:\/\/fotobaerchen.de\/wp-content\/uploads\/2023\/06\/0015_Radltour_Donaueschngen-Ulm-150x84.jpg 150w, http:\/\/fotobaerchen.de\/wp-content\/uploads\/2023\/06\/0015_Radltour_Donaueschngen-Ulm-768x432.jpg 768w, http:\/\/fotobaerchen.de\/wp-content\/uploads\/2023\/06\/0015_Radltour_Donaueschngen-Ulm-1536x864.jpg 1536w, http:\/\/fotobaerchen.de\/wp-content\/uploads\/2023\/06\/0015_Radltour_Donaueschngen-Ulm-2048x1152.jpg 2048w\" sizes=\"auto, (max-width: 706px) 89vw, (max-width: 767px) 82vw, 740px\" \/><\/figure>\n<\/div>\n\n\n\n<div class=\"wp-block-column is-layout-flow wp-block-column-is-layout-flow\">\n<figure class=\"wp-block-image size-large is-resized\"><img loading=\"lazy\" decoding=\"async\" src=\"http:\/\/fotobaerchen.de\/wp-content\/uploads\/2023\/06\/0007_Radltour_Donaueschngen-Ulm-684x1024.jpg\" alt=\"\" class=\"wp-image-1449\" width=\"312\" height=\"466\" srcset=\"http:\/\/fotobaerchen.de\/wp-content\/uploads\/2023\/06\/0007_Radltour_Donaueschngen-Ulm-684x1024.jpg 684w, http:\/\/fotobaerchen.de\/wp-content\/uploads\/2023\/06\/0007_Radltour_Donaueschngen-Ulm-200x300.jpg 200w, http:\/\/fotobaerchen.de\/wp-content\/uploads\/2023\/06\/0007_Radltour_Donaueschngen-Ulm-100x150.jpg 100w, http:\/\/fotobaerchen.de\/wp-content\/uploads\/2023\/06\/0007_Radltour_Donaueschngen-Ulm-768x1150.jpg 768w, http:\/\/fotobaerchen.de\/wp-content\/uploads\/2023\/06\/0007_Radltour_Donaueschngen-Ulm-1367x2048.jpg 1367w, http:\/\/fotobaerchen.de\/wp-content\/uploads\/2023\/06\/0007_Radltour_Donaueschngen-Ulm-scaled.jpg 1709w\" sizes=\"auto, (max-width: 312px) 100vw, 312px\" \/><\/figure>\n<\/div>\n<\/div>\n\n\n\n<figure class=\"wp-block-image size-large\"><img loading=\"lazy\" decoding=\"async\" width=\"1024\" height=\"576\" src=\"http:\/\/fotobaerchen.de\/wp-content\/uploads\/2023\/06\/0016_Radltour_Donaueschngen-Ulm-1024x576.jpg\" alt=\"\" class=\"wp-image-1458\" srcset=\"http:\/\/fotobaerchen.de\/wp-content\/uploads\/2023\/06\/0016_Radltour_Donaueschngen-Ulm-1024x576.jpg 1024w, http:\/\/fotobaerchen.de\/wp-content\/uploads\/2023\/06\/0016_Radltour_Donaueschngen-Ulm-300x169.jpg 300w, http:\/\/fotobaerchen.de\/wp-content\/uploads\/2023\/06\/0016_Radltour_Donaueschngen-Ulm-150x84.jpg 150w, http:\/\/fotobaerchen.de\/wp-content\/uploads\/2023\/06\/0016_Radltour_Donaueschngen-Ulm-768x432.jpg 768w, http:\/\/fotobaerchen.de\/wp-content\/uploads\/2023\/06\/0016_Radltour_Donaueschngen-Ulm-1536x864.jpg 1536w, http:\/\/fotobaerchen.de\/wp-content\/uploads\/2023\/06\/0016_Radltour_Donaueschngen-Ulm-2048x1152.jpg 2048w\" sizes=\"auto, (max-width: 706px) 89vw, (max-width: 767px) 82vw, 740px\" \/><\/figure>\n\n\n\n<p>Die Breg<\/p>\n\n\n\n<div class=\"wp-block-columns is-layout-flex wp-container-core-columns-is-layout-9d6595d7 wp-block-columns-is-layout-flex\">\n<div class=\"wp-block-column is-layout-flow wp-block-column-is-layout-flow\">\n<figure class=\"wp-block-image size-large\"><img loading=\"lazy\" decoding=\"async\" width=\"1024\" height=\"576\" src=\"http:\/\/fotobaerchen.de\/wp-content\/uploads\/2023\/06\/0017_Radltour_Donaueschngen-Ulm-1024x576.jpg\" alt=\"\" class=\"wp-image-1459\" srcset=\"http:\/\/fotobaerchen.de\/wp-content\/uploads\/2023\/06\/0017_Radltour_Donaueschngen-Ulm-1024x576.jpg 1024w, http:\/\/fotobaerchen.de\/wp-content\/uploads\/2023\/06\/0017_Radltour_Donaueschngen-Ulm-300x169.jpg 300w, http:\/\/fotobaerchen.de\/wp-content\/uploads\/2023\/06\/0017_Radltour_Donaueschngen-Ulm-150x84.jpg 150w, http:\/\/fotobaerchen.de\/wp-content\/uploads\/2023\/06\/0017_Radltour_Donaueschngen-Ulm-768x432.jpg 768w, http:\/\/fotobaerchen.de\/wp-content\/uploads\/2023\/06\/0017_Radltour_Donaueschngen-Ulm-1536x864.jpg 1536w, http:\/\/fotobaerchen.de\/wp-content\/uploads\/2023\/06\/0017_Radltour_Donaueschngen-Ulm-2048x1152.jpg 2048w\" sizes=\"auto, (max-width: 706px) 89vw, (max-width: 767px) 82vw, 740px\" \/><\/figure>\n<\/div>\n\n\n\n<div class=\"wp-block-column is-layout-flow wp-block-column-is-layout-flow\">\n<figure class=\"wp-block-image size-large\"><img loading=\"lazy\" decoding=\"async\" width=\"1024\" height=\"576\" src=\"http:\/\/fotobaerchen.de\/wp-content\/uploads\/2023\/06\/0018_Radltour_Donaueschngen-Ulm-1024x576.jpg\" alt=\"\" class=\"wp-image-1460\" srcset=\"http:\/\/fotobaerchen.de\/wp-content\/uploads\/2023\/06\/0018_Radltour_Donaueschngen-Ulm-1024x576.jpg 1024w, http:\/\/fotobaerchen.de\/wp-content\/uploads\/2023\/06\/0018_Radltour_Donaueschngen-Ulm-300x169.jpg 300w, http:\/\/fotobaerchen.de\/wp-content\/uploads\/2023\/06\/0018_Radltour_Donaueschngen-Ulm-150x84.jpg 150w, http:\/\/fotobaerchen.de\/wp-content\/uploads\/2023\/06\/0018_Radltour_Donaueschngen-Ulm-768x432.jpg 768w, http:\/\/fotobaerchen.de\/wp-content\/uploads\/2023\/06\/0018_Radltour_Donaueschngen-Ulm-1536x864.jpg 1536w, http:\/\/fotobaerchen.de\/wp-content\/uploads\/2023\/06\/0018_Radltour_Donaueschngen-Ulm-2048x1152.jpg 2048w\" sizes=\"auto, (max-width: 706px) 89vw, (max-width: 767px) 82vw, 740px\" \/><\/figure>\n<\/div>\n\n\n\n<div class=\"wp-block-column is-layout-flow wp-block-column-is-layout-flow\">\n<figure class=\"wp-block-image size-large is-resized\"><img loading=\"lazy\" decoding=\"async\" src=\"http:\/\/fotobaerchen.de\/wp-content\/uploads\/2023\/06\/0024_Radltour_Donaueschngen-Ulm-1024x684.jpg\" alt=\"\" class=\"wp-image-1466\" width=\"203\" height=\"135\" srcset=\"http:\/\/fotobaerchen.de\/wp-content\/uploads\/2023\/06\/0024_Radltour_Donaueschngen-Ulm-1024x684.jpg 1024w, http:\/\/fotobaerchen.de\/wp-content\/uploads\/2023\/06\/0024_Radltour_Donaueschngen-Ulm-300x200.jpg 300w, http:\/\/fotobaerchen.de\/wp-content\/uploads\/2023\/06\/0024_Radltour_Donaueschngen-Ulm-150x100.jpg 150w, http:\/\/fotobaerchen.de\/wp-content\/uploads\/2023\/06\/0024_Radltour_Donaueschngen-Ulm-768x513.jpg 768w, http:\/\/fotobaerchen.de\/wp-content\/uploads\/2023\/06\/0024_Radltour_Donaueschngen-Ulm-1536x1025.jpg 1536w, http:\/\/fotobaerchen.de\/wp-content\/uploads\/2023\/06\/0024_Radltour_Donaueschngen-Ulm-2048x1367.jpg 2048w\" sizes=\"auto, (max-width: 203px) 100vw, 203px\" \/><\/figure>\n<\/div>\n<\/div>\n\n\n\n<div class=\"wp-block-columns is-layout-flex wp-container-core-columns-is-layout-9d6595d7 wp-block-columns-is-layout-flex\">\n<div class=\"wp-block-column is-layout-flow wp-block-column-is-layout-flow\">\n<figure class=\"wp-block-image size-large\"><img loading=\"lazy\" decoding=\"async\" width=\"1024\" height=\"684\" src=\"http:\/\/fotobaerchen.de\/wp-content\/uploads\/2023\/06\/0020_Radltour_Donaueschngen-Ulm-1024x684.jpg\" alt=\"\" class=\"wp-image-1462\" srcset=\"http:\/\/fotobaerchen.de\/wp-content\/uploads\/2023\/06\/0020_Radltour_Donaueschngen-Ulm-1024x684.jpg 1024w, http:\/\/fotobaerchen.de\/wp-content\/uploads\/2023\/06\/0020_Radltour_Donaueschngen-Ulm-300x200.jpg 300w, http:\/\/fotobaerchen.de\/wp-content\/uploads\/2023\/06\/0020_Radltour_Donaueschngen-Ulm-150x100.jpg 150w, http:\/\/fotobaerchen.de\/wp-content\/uploads\/2023\/06\/0020_Radltour_Donaueschngen-Ulm-768x513.jpg 768w, http:\/\/fotobaerchen.de\/wp-content\/uploads\/2023\/06\/0020_Radltour_Donaueschngen-Ulm-1536x1025.jpg 1536w, http:\/\/fotobaerchen.de\/wp-content\/uploads\/2023\/06\/0020_Radltour_Donaueschngen-Ulm-2048x1367.jpg 2048w\" sizes=\"auto, (max-width: 706px) 89vw, (max-width: 767px) 82vw, 740px\" \/><\/figure>\n<\/div>\n\n\n\n<div class=\"wp-block-column is-layout-flow wp-block-column-is-layout-flow\">\n<figure class=\"wp-block-image size-large is-resized\"><img loading=\"lazy\" decoding=\"async\" src=\"http:\/\/fotobaerchen.de\/wp-content\/uploads\/2023\/06\/0022_Radltour_Donaueschngen-Ulm-1024x576.jpg\" alt=\"\" class=\"wp-image-1464\" width=\"378\" height=\"212\" srcset=\"http:\/\/fotobaerchen.de\/wp-content\/uploads\/2023\/06\/0022_Radltour_Donaueschngen-Ulm-1024x576.jpg 1024w, http:\/\/fotobaerchen.de\/wp-content\/uploads\/2023\/06\/0022_Radltour_Donaueschngen-Ulm-300x169.jpg 300w, http:\/\/fotobaerchen.de\/wp-content\/uploads\/2023\/06\/0022_Radltour_Donaueschngen-Ulm-150x84.jpg 150w, http:\/\/fotobaerchen.de\/wp-content\/uploads\/2023\/06\/0022_Radltour_Donaueschngen-Ulm-768x432.jpg 768w, http:\/\/fotobaerchen.de\/wp-content\/uploads\/2023\/06\/0022_Radltour_Donaueschngen-Ulm-1536x864.jpg 1536w, http:\/\/fotobaerchen.de\/wp-content\/uploads\/2023\/06\/0022_Radltour_Donaueschngen-Ulm-2048x1152.jpg 2048w\" sizes=\"auto, (max-width: 378px) 100vw, 378px\" \/><\/figure>\n<\/div>\n<\/div>\n\n\n\n<p class=\"has-medium-font-size\">Donaustart<\/p>\n\n\n\n<div class=\"wp-block-columns is-layout-flex wp-container-core-columns-is-layout-9d6595d7 wp-block-columns-is-layout-flex\">\n<div class=\"wp-block-column is-layout-flow wp-block-column-is-layout-flow\">\n<figure class=\"wp-block-image size-large\"><img loading=\"lazy\" decoding=\"async\" width=\"1024\" height=\"576\" src=\"http:\/\/fotobaerchen.de\/wp-content\/uploads\/2023\/06\/0037_Radltour_Donaueschngen-Ulm-1024x576.jpg\" alt=\"\" class=\"wp-image-1479\" srcset=\"http:\/\/fotobaerchen.de\/wp-content\/uploads\/2023\/06\/0037_Radltour_Donaueschngen-Ulm-1024x576.jpg 1024w, http:\/\/fotobaerchen.de\/wp-content\/uploads\/2023\/06\/0037_Radltour_Donaueschngen-Ulm-300x169.jpg 300w, http:\/\/fotobaerchen.de\/wp-content\/uploads\/2023\/06\/0037_Radltour_Donaueschngen-Ulm-150x84.jpg 150w, http:\/\/fotobaerchen.de\/wp-content\/uploads\/2023\/06\/0037_Radltour_Donaueschngen-Ulm-768x432.jpg 768w, http:\/\/fotobaerchen.de\/wp-content\/uploads\/2023\/06\/0037_Radltour_Donaueschngen-Ulm-1536x864.jpg 1536w, http:\/\/fotobaerchen.de\/wp-content\/uploads\/2023\/06\/0037_Radltour_Donaueschngen-Ulm-2048x1152.jpg 2048w\" sizes=\"auto, (max-width: 706px) 89vw, (max-width: 767px) 82vw, 740px\" \/><\/figure>\n<\/div>\n\n\n\n<div class=\"wp-block-column is-layout-flow wp-block-column-is-layout-flow\">\n<figure class=\"wp-block-image size-large\"><img loading=\"lazy\" decoding=\"async\" width=\"1024\" height=\"576\" src=\"http:\/\/fotobaerchen.de\/wp-content\/uploads\/2023\/06\/0028_Radltour_Donaueschngen-Ulm-1024x576.jpg\" alt=\"\" class=\"wp-image-1470\" srcset=\"http:\/\/fotobaerchen.de\/wp-content\/uploads\/2023\/06\/0028_Radltour_Donaueschngen-Ulm-1024x576.jpg 1024w, http:\/\/fotobaerchen.de\/wp-content\/uploads\/2023\/06\/0028_Radltour_Donaueschngen-Ulm-300x169.jpg 300w, http:\/\/fotobaerchen.de\/wp-content\/uploads\/2023\/06\/0028_Radltour_Donaueschngen-Ulm-150x84.jpg 150w, http:\/\/fotobaerchen.de\/wp-content\/uploads\/2023\/06\/0028_Radltour_Donaueschngen-Ulm-768x432.jpg 768w, http:\/\/fotobaerchen.de\/wp-content\/uploads\/2023\/06\/0028_Radltour_Donaueschngen-Ulm-1536x864.jpg 1536w, http:\/\/fotobaerchen.de\/wp-content\/uploads\/2023\/06\/0028_Radltour_Donaueschngen-Ulm-2048x1152.jpg 2048w\" sizes=\"auto, (max-width: 706px) 89vw, (max-width: 767px) 82vw, 740px\" \/><\/figure>\n<\/div>\n<\/div>\n\n\n\n<h2 class=\"wp-block-heading has-medium-font-size\" style=\"font-style:normal;font-weight:500\">Los geht&#8217;s zu unser ersten Etappe von Donaueschingen nach Friedingen<\/h2>\n\n\n\n<figure class=\"wp-block-image size-large\"><img loading=\"lazy\" decoding=\"async\" width=\"1024\" height=\"576\" src=\"http:\/\/fotobaerchen.de\/wp-content\/uploads\/2023\/06\/0034_Radltour_Donaueschngen-Ulm-1024x576.jpg\" alt=\"\" class=\"wp-image-1476\" srcset=\"http:\/\/fotobaerchen.de\/wp-content\/uploads\/2023\/06\/0034_Radltour_Donaueschngen-Ulm-1024x576.jpg 1024w, http:\/\/fotobaerchen.de\/wp-content\/uploads\/2023\/06\/0034_Radltour_Donaueschngen-Ulm-300x169.jpg 300w, http:\/\/fotobaerchen.de\/wp-content\/uploads\/2023\/06\/0034_Radltour_Donaueschngen-Ulm-150x84.jpg 150w, http:\/\/fotobaerchen.de\/wp-content\/uploads\/2023\/06\/0034_Radltour_Donaueschngen-Ulm-768x432.jpg 768w, http:\/\/fotobaerchen.de\/wp-content\/uploads\/2023\/06\/0034_Radltour_Donaueschngen-Ulm-1536x864.jpg 1536w, http:\/\/fotobaerchen.de\/wp-content\/uploads\/2023\/06\/0034_Radltour_Donaueschngen-Ulm-2048x1152.jpg 2048w\" sizes=\"auto, (max-width: 706px) 89vw, (max-width: 767px) 82vw, 740px\" \/><\/figure>\n","protected":false},"excerpt":{"rendered":"<p>Von der Quelle bis Wien &#8211; Radtour in 4 Etappen Gestartet haben wir die Tour zu Pfingsten 2019 mit der Etappe von Ulm nach Regensburg. Im Folgejahr sollte es von Regensburg \u00fcber Passau nach Linz gehen. Doch Corona zwang uns zu einer Verschiebung ins Jahr 2022. Aber da war es dann so weit. Zu Pfingsten &hellip; <\/p>\n<p class=\"link-more\"><a href=\"http:\/\/fotobaerchen.de\/?page_id=1425\" class=\"more-link\"><span class=\"screen-reader-text\">\u201eDonauradweg\u201c <\/span>weiterlesen<\/a><\/p>\n","protected":false},"author":1,"featured_media":0,"parent":0,"menu_order":0,"comment_status":"closed","ping_status":"closed","template":"","meta":{"footnotes":""},"class_list":["post-1425","page","type-page","status-publish","hentry"],"_links":{"self":[{"href":"http:\/\/fotobaerchen.de\/index.php?rest_route=\/wp\/v2\/pages\/1425","targetHints":{"allow":["GET"]}}],"collection":[{"href":"http:\/\/fotobaerchen.de\/index.php?rest_route=\/wp\/v2\/pages"}],"about":[{"href":"http:\/\/fotobaerchen.de\/index.php?rest_route=\/wp\/v2\/types\/page"}],"author":[{"embeddable":true,"href":"http:\/\/fotobaerchen.de\/index.php?rest_route=\/wp\/v2\/users\/1"}],"replies":[{"embeddable":true,"href":"http:\/\/fotobaerchen.de\/index.php?rest_route=%2Fwp%2Fv2%2Fcomments&post=1425"}],"version-history":[{"count":11,"href":"http:\/\/fotobaerchen.de\/index.php?rest_route=\/wp\/v2\/pages\/1425\/revisions"}],"predecessor-version":[{"id":1581,"href":"http:\/\/fotobaerchen.de\/index.php?rest_route=\/wp\/v2\/pages\/1425\/revisions\/1581"}],"wp:attachment":[{"href":"http:\/\/fotobaerchen.de\/index.php?rest_route=%2Fwp%2Fv2%2Fmedia&parent=1425"}],"curies":[{"name":"wp","href":"https:\/\/api.w.org\/{rel}","templated":true}]}}