{"id":429,"date":"2018-04-29T20:36:49","date_gmt":"2018-04-29T20:36:49","guid":{"rendered":"http:\/\/fotobaerchen.de\/?page_id=429"},"modified":"2023-05-05T20:39:37","modified_gmt":"2023-05-05T20:39:37","slug":"funkenfeuer","status":"publish","type":"page","link":"http:\/\/fotobaerchen.de\/?page_id=429","title":{"rendered":"Funkenfeuer"},"content":{"rendered":"<p>Unser Funkenfeuer ist jedes Jahr auf&#8217;s neue ein sch\u00f6ner Anlass f\u00fcr&#8217;s Dorf sich auf dem Parkplatz unseres Landgasthaus zum Br\u00fcckle\u00a0 und des Illertal Gymnasiums zu treffen und gemeinsam den Winter zu vertreiben.<\/p>\n<p>Immer wieder auf&#8217;s Neue vom Illerzeller Zug unserer freiwlligen Feuerwehr V\u00f6hringen organsiert und ausgerichtet. Angefangen mit der Sammlung der ausser Dienst gestellten Weihnachtsb\u00e4ume, dem sorgf\u00e4ltigen aufschichten des &#8222;Scheiterhaufens&#8220; bis hin zum Abbrennen des selbigen.<\/p>\n<p>Mit Start des kleine Fackelumzug vom Spritzenhaus zum Parklpatz startet unser Funkenfeuer. Angekommen noch schnell einen Imbiss und etwas warmes (oder auch was kaltes) zu trinken und dann einen guten Platz am Feuerplatz ergattert.<\/p>\n<p>Mit dem abschie\u00dfenden Scheibenschie\u00dfen vertreiben unsere Feuerwehrler mit spitzen Spr\u00fcchen entdg\u00fcltig den Winter. Mal mit mehr, mal mit weniger Erfolg.<\/p>\n<p>\u00a0<\/p>\n<p><strong><em>Funkenfeuer 2018<\/em><\/strong><\/p>\n<p>Bei traumhafter Winterlandschaft und den dazugeh\u00f6rigen Temperaturen ging es der radelnden Winterhexe an den Kragen.<\/p>\n\n\n<div class=\"wp-block-gmedia-gallery gmedia-shortcode\"><div class=\"gmedia_gallery mosaic_module is_bot\" id=\"GmediaGallery_35\" data-gmid=\"35\" data-module=\"mosaic\"><style class='gmedia_module_style_import'>@import url('http:\/\/fotobaerchen.de\/wp-content\/grand-media\/module\/mosaic\/css\/mosaic.css?v=2.16') all;<\/style>\t<div class=\"gmMosaic_Container noLightbox\" data-gmid=\"35\">\t\t<noscript><a href='http:\/\/fotobaerchen.de\/wp-content\/grand-media\/image\/Funkenfeuer_Illerzell_2017-1.jpg'><img class=\"noLazy\" src='http:\/\/fotobaerchen.de\/wp-content\/grand-media\/image\/thumb\/Funkenfeuer_Illerzell_2017-1.jpg' alt='Funkenfeuer Illerzell 2017-1' \/><\/a><a href='http:\/\/fotobaerchen.de\/wp-content\/grand-media\/image\/Funkenfeuer_Illerzell_2017-2.jpg'><img class=\"noLazy\" src='http:\/\/fotobaerchen.de\/wp-content\/grand-media\/image\/thumb\/Funkenfeuer_Illerzell_2017-2.jpg' alt='Funkenfeuer Illerzell 2017-2' \/><\/a><a href='http:\/\/fotobaerchen.de\/wp-content\/grand-media\/image\/Funkenfeuer_Illerzell_2017-3.jpg'><img class=\"noLazy\" src='http:\/\/fotobaerchen.de\/wp-content\/grand-media\/image\/thumb\/Funkenfeuer_Illerzell_2017-3.jpg' alt='Funkenfeuer Illerzell 2017-3' \/><\/a><a href='http:\/\/fotobaerchen.de\/wp-content\/grand-media\/image\/Funkenfeuer_Illerzell_2017-4.jpg'><img class=\"noLazy\" src='http:\/\/fotobaerchen.de\/wp-content\/grand-media\/image\/thumb\/Funkenfeuer_Illerzell_2017-4.jpg' alt='Funkenfeuer Illerzell 2017-4' \/><\/a><a href='http:\/\/fotobaerchen.de\/wp-content\/grand-media\/image\/Funkenfeuer_Illerzell_2017-5.jpg'><img class=\"noLazy\" src='http:\/\/fotobaerchen.de\/wp-content\/grand-media\/image\/thumb\/Funkenfeuer_Illerzell_2017-5.jpg' alt='Funkenfeuer Illerzell 2017-5' \/><\/a><a href='http:\/\/fotobaerchen.de\/wp-content\/grand-media\/image\/Funkenfeuer_Illerzell_2017-6.jpg'><img class=\"noLazy\" src='http:\/\/fotobaerchen.de\/wp-content\/grand-media\/image\/thumb\/Funkenfeuer_Illerzell_2017-6.jpg' alt='Funkenfeuer Illerzell 2017-6' \/><\/a><a href='http:\/\/fotobaerchen.de\/wp-content\/grand-media\/image\/Funkenfeuer_Illerzell_2017-7.jpg'><img class=\"noLazy\" src='http:\/\/fotobaerchen.de\/wp-content\/grand-media\/image\/thumb\/Funkenfeuer_Illerzell_2017-7.jpg' alt='Funkenfeuer Illerzell 2017-7' \/><\/a><a href='http:\/\/fotobaerchen.de\/wp-content\/grand-media\/image\/Funkenfeuer_Illerzell_2017-8.jpg'><img class=\"noLazy\" src='http:\/\/fotobaerchen.de\/wp-content\/grand-media\/image\/thumb\/Funkenfeuer_Illerzell_2017-8.jpg' alt='Funkenfeuer Illerzell 2017-8' \/><\/a><a href='http:\/\/fotobaerchen.de\/wp-content\/grand-media\/image\/Funkenfeuer_Illerzell_2017-9.jpg'><img class=\"noLazy\" src='http:\/\/fotobaerchen.de\/wp-content\/grand-media\/image\/thumb\/Funkenfeuer_Illerzell_2017-9.jpg' alt='Funkenfeuer Illerzell 2017-9' \/><\/a><a href='http:\/\/fotobaerchen.de\/wp-content\/grand-media\/image\/Funkenfeuer_Illerzell_2017-10.jpg'><img class=\"noLazy\" src='http:\/\/fotobaerchen.de\/wp-content\/grand-media\/image\/thumb\/Funkenfeuer_Illerzell_2017-10.jpg' alt='Funkenfeuer Illerzell 2017-10' \/><\/a><a href='http:\/\/fotobaerchen.de\/wp-content\/grand-media\/image\/Funkenfeuer_Illerzell_2017-11.jpg'><img class=\"noLazy\" src='http:\/\/fotobaerchen.de\/wp-content\/grand-media\/image\/thumb\/Funkenfeuer_Illerzell_2017-11.jpg' alt='Funkenfeuer Illerzell 2017-11' \/><\/a><\/noscript><\/div>\n\t\t<script type=\"text\/javascript\">\n\t\t\tdocument.addEventListener( 'DOMContentLoaded', function() {\n\t\t\t\tjQuery( function( $ ) {\n\t\t\t\t\tvar settings = {\"ID\":\"35\",\"name\":\"Funkenfeuer\",\"is_mobile\":false,\"module_dirurl\":\"http:\\\/\\\/fotobaerchen.de\\\/wp-content\\\/grand-media\\\/module\\\/mosaic\"};\n\t\t\t\t\tvar gmedia_mosaic_content = [{\"id\":\"75\",\"type\":\"image\",\"ext\":\"jpg\",\"src\":\"\\\/image\\\/Funkenfeuer_Illerzell_2017-1.jpg\",\"sizes\":{\"thumb\":\"http:\\\/\\\/fotobaerchen.de\\\/wp-content\\\/grand-media\\\/image\\\/thumb\\\/Funkenfeuer_Illerzell_2017-1.jpg\",\"full\":\"http:\\\/\\\/fotobaerchen.de\\\/wp-content\\\/grand-media\\\/image\\\/Funkenfeuer_Illerzell_2017-1.jpg\"},\"title\":\"Funkenfeuer Illerzell 2017-1\",\"alt\":\"Funkenfeuer Illerzell 2017-1\",\"caption\":\"\",\"url\":\"\",\"post_link\":\"http:\\\/\\\/fotobaerchen.de\\\/?gmedia=funkenfeuer_illerzell_2017-1-jpg\",\"cc\":0,\"views\":14,\"likes\":0,\"width\":2200,\"height\":1469},{\"id\":\"76\",\"type\":\"image\",\"ext\":\"jpg\",\"src\":\"\\\/image\\\/Funkenfeuer_Illerzell_2017-2.jpg\",\"sizes\":{\"thumb\":\"http:\\\/\\\/fotobaerchen.de\\\/wp-content\\\/grand-media\\\/image\\\/thumb\\\/Funkenfeuer_Illerzell_2017-2.jpg\",\"full\":\"http:\\\/\\\/fotobaerchen.de\\\/wp-content\\\/grand-media\\\/image\\\/Funkenfeuer_Illerzell_2017-2.jpg\"},\"title\":\"Funkenfeuer Illerzell 2017-2\",\"alt\":\"Funkenfeuer Illerzell 2017-2\",\"caption\":\"\",\"url\":\"\",\"post_link\":\"http:\\\/\\\/fotobaerchen.de\\\/?gmedia=funkenfeuer_illerzell_2017-2-jpg\",\"cc\":0,\"views\":13,\"likes\":0,\"width\":2200,\"height\":1235},{\"id\":\"77\",\"type\":\"image\",\"ext\":\"jpg\",\"src\":\"\\\/image\\\/Funkenfeuer_Illerzell_2017-3.jpg\",\"sizes\":{\"thumb\":\"http:\\\/\\\/fotobaerchen.de\\\/wp-content\\\/grand-media\\\/image\\\/thumb\\\/Funkenfeuer_Illerzell_2017-3.jpg\",\"full\":\"http:\\\/\\\/fotobaerchen.de\\\/wp-content\\\/grand-media\\\/image\\\/Funkenfeuer_Illerzell_2017-3.jpg\"},\"title\":\"Funkenfeuer Illerzell 2017-3\",\"alt\":\"Funkenfeuer Illerzell 2017-3\",\"caption\":\"\",\"url\":\"\",\"post_link\":\"http:\\\/\\\/fotobaerchen.de\\\/?gmedia=funkenfeuer_illerzell_2017-3-jpg\",\"cc\":0,\"views\":12,\"likes\":0,\"width\":2200,\"height\":1469},{\"id\":\"78\",\"type\":\"image\",\"ext\":\"jpg\",\"src\":\"\\\/image\\\/Funkenfeuer_Illerzell_2017-4.jpg\",\"sizes\":{\"thumb\":\"http:\\\/\\\/fotobaerchen.de\\\/wp-content\\\/grand-media\\\/image\\\/thumb\\\/Funkenfeuer_Illerzell_2017-4.jpg\",\"full\":\"http:\\\/\\\/fotobaerchen.de\\\/wp-content\\\/grand-media\\\/image\\\/Funkenfeuer_Illerzell_2017-4.jpg\"},\"title\":\"Funkenfeuer Illerzell 2017-4\",\"alt\":\"Funkenfeuer Illerzell 2017-4\",\"caption\":\"\",\"url\":\"\",\"post_link\":\"http:\\\/\\\/fotobaerchen.de\\\/?gmedia=funkenfeuer_illerzell_2017-4-jpg\",\"cc\":0,\"views\":22,\"likes\":0,\"width\":2200,\"height\":1469},{\"id\":\"79\",\"type\":\"image\",\"ext\":\"jpg\",\"src\":\"\\\/image\\\/Funkenfeuer_Illerzell_2017-5.jpg\",\"sizes\":{\"thumb\":\"http:\\\/\\\/fotobaerchen.de\\\/wp-content\\\/grand-media\\\/image\\\/thumb\\\/Funkenfeuer_Illerzell_2017-5.jpg\",\"full\":\"http:\\\/\\\/fotobaerchen.de\\\/wp-content\\\/grand-media\\\/image\\\/Funkenfeuer_Illerzell_2017-5.jpg\"},\"title\":\"Funkenfeuer Illerzell 2017-5\",\"alt\":\"Funkenfeuer Illerzell 2017-5\",\"caption\":\"\",\"url\":\"\",\"post_link\":\"http:\\\/\\\/fotobaerchen.de\\\/?gmedia=funkenfeuer_illerzell_2017-5-jpg\",\"cc\":0,\"views\":12,\"likes\":0,\"width\":2200,\"height\":1469},{\"id\":\"80\",\"type\":\"image\",\"ext\":\"jpg\",\"src\":\"\\\/image\\\/Funkenfeuer_Illerzell_2017-6.jpg\",\"sizes\":{\"thumb\":\"http:\\\/\\\/fotobaerchen.de\\\/wp-content\\\/grand-media\\\/image\\\/thumb\\\/Funkenfeuer_Illerzell_2017-6.jpg\",\"full\":\"http:\\\/\\\/fotobaerchen.de\\\/wp-content\\\/grand-media\\\/image\\\/Funkenfeuer_Illerzell_2017-6.jpg\"},\"title\":\"Funkenfeuer Illerzell 2017-6\",\"alt\":\"Funkenfeuer Illerzell 2017-6\",\"caption\":\"\",\"url\":\"\",\"post_link\":\"http:\\\/\\\/fotobaerchen.de\\\/?gmedia=funkenfeuer_illerzell_2017-6-jpg\",\"cc\":0,\"views\":21,\"likes\":0,\"width\":2200,\"height\":1469},{\"id\":\"81\",\"type\":\"image\",\"ext\":\"jpg\",\"src\":\"\\\/image\\\/Funkenfeuer_Illerzell_2017-7.jpg\",\"sizes\":{\"thumb\":\"http:\\\/\\\/fotobaerchen.de\\\/wp-content\\\/grand-media\\\/image\\\/thumb\\\/Funkenfeuer_Illerzell_2017-7.jpg\",\"full\":\"http:\\\/\\\/fotobaerchen.de\\\/wp-content\\\/grand-media\\\/image\\\/Funkenfeuer_Illerzell_2017-7.jpg\"},\"title\":\"Funkenfeuer Illerzell 2017-7\",\"alt\":\"Funkenfeuer Illerzell 2017-7\",\"caption\":\"\",\"url\":\"\",\"post_link\":\"http:\\\/\\\/fotobaerchen.de\\\/?gmedia=funkenfeuer_illerzell_2017-7-jpg\",\"cc\":0,\"views\":10,\"likes\":0,\"width\":2200,\"height\":1469},{\"id\":\"82\",\"type\":\"image\",\"ext\":\"jpg\",\"src\":\"\\\/image\\\/Funkenfeuer_Illerzell_2017-8.jpg\",\"sizes\":{\"thumb\":\"http:\\\/\\\/fotobaerchen.de\\\/wp-content\\\/grand-media\\\/image\\\/thumb\\\/Funkenfeuer_Illerzell_2017-8.jpg\",\"full\":\"http:\\\/\\\/fotobaerchen.de\\\/wp-content\\\/grand-media\\\/image\\\/Funkenfeuer_Illerzell_2017-8.jpg\"},\"title\":\"Funkenfeuer Illerzell 2017-8\",\"alt\":\"Funkenfeuer Illerzell 2017-8\",\"caption\":\"\",\"url\":\"\",\"post_link\":\"http:\\\/\\\/fotobaerchen.de\\\/?gmedia=funkenfeuer_illerzell_2017-8-jpg\",\"cc\":0,\"views\":11,\"likes\":0,\"width\":2200,\"height\":1469},{\"id\":\"83\",\"type\":\"image\",\"ext\":\"jpg\",\"src\":\"\\\/image\\\/Funkenfeuer_Illerzell_2017-9.jpg\",\"sizes\":{\"thumb\":\"http:\\\/\\\/fotobaerchen.de\\\/wp-content\\\/grand-media\\\/image\\\/thumb\\\/Funkenfeuer_Illerzell_2017-9.jpg\",\"full\":\"http:\\\/\\\/fotobaerchen.de\\\/wp-content\\\/grand-media\\\/image\\\/Funkenfeuer_Illerzell_2017-9.jpg\"},\"title\":\"Funkenfeuer Illerzell 2017-9\",\"alt\":\"Funkenfeuer Illerzell 2017-9\",\"caption\":\"\",\"url\":\"\",\"post_link\":\"http:\\\/\\\/fotobaerchen.de\\\/?gmedia=funkenfeuer_illerzell_2017-9-jpg\",\"cc\":0,\"views\":10,\"likes\":0,\"width\":2200,\"height\":1469},{\"id\":\"84\",\"type\":\"image\",\"ext\":\"jpg\",\"src\":\"\\\/image\\\/Funkenfeuer_Illerzell_2017-10.jpg\",\"sizes\":{\"thumb\":\"http:\\\/\\\/fotobaerchen.de\\\/wp-content\\\/grand-media\\\/image\\\/thumb\\\/Funkenfeuer_Illerzell_2017-10.jpg\",\"full\":\"http:\\\/\\\/fotobaerchen.de\\\/wp-content\\\/grand-media\\\/image\\\/Funkenfeuer_Illerzell_2017-10.jpg\"},\"title\":\"Funkenfeuer Illerzell 2017-10\",\"alt\":\"Funkenfeuer Illerzell 2017-10\",\"caption\":\"\",\"url\":\"\",\"post_link\":\"http:\\\/\\\/fotobaerchen.de\\\/?gmedia=funkenfeuer_illerzell_2017-10-jpg\",\"cc\":0,\"views\":18,\"likes\":0,\"width\":2200,\"height\":1469},{\"id\":\"85\",\"type\":\"image\",\"ext\":\"jpg\",\"src\":\"\\\/image\\\/Funkenfeuer_Illerzell_2017-11.jpg\",\"sizes\":{\"thumb\":\"http:\\\/\\\/fotobaerchen.de\\\/wp-content\\\/grand-media\\\/image\\\/thumb\\\/Funkenfeuer_Illerzell_2017-11.jpg\",\"full\":\"http:\\\/\\\/fotobaerchen.de\\\/wp-content\\\/grand-media\\\/image\\\/Funkenfeuer_Illerzell_2017-11.jpg\"},\"title\":\"Funkenfeuer Illerzell 2017-11\",\"alt\":\"Funkenfeuer Illerzell 2017-11\",\"caption\":\"\",\"url\":\"\",\"post_link\":\"http:\\\/\\\/fotobaerchen.de\\\/?gmedia=funkenfeuer_illerzell_2017-11-jpg\",\"cc\":0,\"views\":15,\"likes\":0,\"width\":2200,\"height\":1469}];\n\t\t\t\t\tsettings.gallery = gmedia_mosaic_content;\n\t\t\t\t\t$( '#GmediaGallery_35 .gmMosaic_Container' ).gmediaMosaic( settings );\n\t\t\t\t} );\n\t\t\t} );\n\t<\/script>\t<\/div><\/div>\n","protected":false},"excerpt":{"rendered":"<p>Unser Funkenfeuer ist jedes Jahr auf&#8217;s neue ein sch\u00f6ner Anlass f\u00fcr&#8217;s Dorf sich auf dem Parkplatz unseres Landgasthaus zum Br\u00fcckle\u00a0 und des Illertal Gymnasiums zu treffen und gemeinsam den Winter zu vertreiben. Immer wieder auf&#8217;s Neue vom Illerzeller Zug unserer freiwlligen Feuerwehr V\u00f6hringen organsiert und ausgerichtet. Angefangen mit der Sammlung der ausser Dienst gestellten Weihnachtsb\u00e4ume, &hellip; <\/p>\n<p class=\"link-more\"><a href=\"http:\/\/fotobaerchen.de\/?page_id=429\" class=\"more-link\"><span class=\"screen-reader-text\">\u201eFunkenfeuer\u201c <\/span>weiterlesen<\/a><\/p>\n","protected":false},"author":1,"featured_media":0,"parent":425,"menu_order":0,"comment_status":"closed","ping_status":"closed","template":"","meta":{"footnotes":""},"class_list":["post-429","page","type-page","status-publish","hentry"],"_links":{"self":[{"href":"http:\/\/fotobaerchen.de\/index.php?rest_route=\/wp\/v2\/pages\/429","targetHints":{"allow":["GET"]}}],"collection":[{"href":"http:\/\/fotobaerchen.de\/index.php?rest_route=\/wp\/v2\/pages"}],"about":[{"href":"http:\/\/fotobaerchen.de\/index.php?rest_route=\/wp\/v2\/types\/page"}],"author":[{"embeddable":true,"href":"http:\/\/fotobaerchen.de\/index.php?rest_route=\/wp\/v2\/users\/1"}],"replies":[{"embeddable":true,"href":"http:\/\/fotobaerchen.de\/index.php?rest_route=%2Fwp%2Fv2%2Fcomments&post=429"}],"version-history":[{"count":8,"href":"http:\/\/fotobaerchen.de\/index.php?rest_route=\/wp\/v2\/pages\/429\/revisions"}],"predecessor-version":[{"id":1404,"href":"http:\/\/fotobaerchen.de\/index.php?rest_route=\/wp\/v2\/pages\/429\/revisions\/1404"}],"up":[{"embeddable":true,"href":"http:\/\/fotobaerchen.de\/index.php?rest_route=\/wp\/v2\/pages\/425"}],"wp:attachment":[{"href":"http:\/\/fotobaerchen.de\/index.php?rest_route=%2Fwp%2Fv2%2Fmedia&parent=429"}],"curies":[{"name":"wp","href":"https:\/\/api.w.org\/{rel}","templated":true}]}}