{"id":849,"date":"2020-10-22T21:42:31","date_gmt":"2020-10-22T21:42:31","guid":{"rendered":"http:\/\/fotobaerchen.de\/?page_id=849"},"modified":"2023-02-05T14:33:55","modified_gmt":"2023-02-05T14:33:55","slug":"unser-erster","status":"publish","type":"page","link":"http:\/\/fotobaerchen.de\/?page_id=849","title":{"rendered":"Unser Erster"},"content":{"rendered":"\n<p>Mitte Juni auf die Idee zu kommen f\u00fcr August (des gleichenJahres) ein Wohnmobil mieten zu wollen zeugt entweder von einer gewissen Selbst\u00fcberzeugung oder v\u00f6lligem Unwissen.<\/p>\n\n\n\n<p>Aber man glaubt es kaum, wir haben doch tats\u00e4chlich ein Fahrzeug f\u00fcr unseren allerersten WOMO-Urlaub bekommen. Wie aber zu erwarten war, hatten wir erstens keine Auswahl und zweitens nicht gerade das neueste Topmodell an den Start bekommen. Was soll&#8217;s.<\/p>\n\n\n\n<p>Ein ca. 12 Jahre alter TEC mit Alkoven frisch von einer 3 w\u00f6chigen Norwegen Tour zur\u00fcck.<\/p>\n\n\n\n<figure class=\"wp-block-image size-large is-style-default\"><img loading=\"lazy\" decoding=\"async\" width=\"1024\" height=\"684\" src=\"http:\/\/fotobaerchen.de\/wp-content\/uploads\/2020\/10\/Urlaub-Sommer-2015-Krimmler-Wasserfaelle-10-1-1024x684.jpg\" alt=\"\" class=\"wp-image-853\" srcset=\"http:\/\/fotobaerchen.de\/wp-content\/uploads\/2020\/10\/Urlaub-Sommer-2015-Krimmler-Wasserfaelle-10-1-1024x684.jpg 1024w, http:\/\/fotobaerchen.de\/wp-content\/uploads\/2020\/10\/Urlaub-Sommer-2015-Krimmler-Wasserfaelle-10-1-300x200.jpg 300w, http:\/\/fotobaerchen.de\/wp-content\/uploads\/2020\/10\/Urlaub-Sommer-2015-Krimmler-Wasserfaelle-10-1-150x100.jpg 150w, http:\/\/fotobaerchen.de\/wp-content\/uploads\/2020\/10\/Urlaub-Sommer-2015-Krimmler-Wasserfaelle-10-1-768x513.jpg 768w, http:\/\/fotobaerchen.de\/wp-content\/uploads\/2020\/10\/Urlaub-Sommer-2015-Krimmler-Wasserfaelle-10-1-2048x1367.jpg 2048w\" sizes=\"auto, (max-width: 706px) 89vw, (max-width: 767px) 82vw, 740px\" \/><figcaption>Hier schon an unserem ersten Stellplatz an den Krimmler Wasserf\u00e4llen.<\/figcaption><\/figure>\n\n\n\n<p><\/p>\n","protected":false},"excerpt":{"rendered":"<p>Mitte Juni auf die Idee zu kommen f\u00fcr August (des gleichenJahres) ein Wohnmobil mieten zu wollen zeugt entweder von einer gewissen Selbst\u00fcberzeugung oder v\u00f6lligem Unwissen. Aber man glaubt es kaum, wir haben doch tats\u00e4chlich ein Fahrzeug f\u00fcr unseren allerersten WOMO-Urlaub bekommen. Wie aber zu erwarten war, hatten wir erstens keine Auswahl und zweitens nicht gerade &hellip; <\/p>\n<p class=\"link-more\"><a href=\"http:\/\/fotobaerchen.de\/?page_id=849\" class=\"more-link\"><span class=\"screen-reader-text\">\u201eUnser Erster\u201c <\/span>weiterlesen<\/a><\/p>\n","protected":false},"author":1,"featured_media":0,"parent":845,"menu_order":1,"comment_status":"closed","ping_status":"closed","template":"","meta":{"footnotes":""},"class_list":["post-849","page","type-page","status-publish","hentry"],"_links":{"self":[{"href":"http:\/\/fotobaerchen.de\/index.php?rest_route=\/wp\/v2\/pages\/849","targetHints":{"allow":["GET"]}}],"collection":[{"href":"http:\/\/fotobaerchen.de\/index.php?rest_route=\/wp\/v2\/pages"}],"about":[{"href":"http:\/\/fotobaerchen.de\/index.php?rest_route=\/wp\/v2\/types\/page"}],"author":[{"embeddable":true,"href":"http:\/\/fotobaerchen.de\/index.php?rest_route=\/wp\/v2\/users\/1"}],"replies":[{"embeddable":true,"href":"http:\/\/fotobaerchen.de\/index.php?rest_route=%2Fwp%2Fv2%2Fcomments&post=849"}],"version-history":[{"count":5,"href":"http:\/\/fotobaerchen.de\/index.php?rest_route=\/wp\/v2\/pages\/849\/revisions"}],"predecessor-version":[{"id":882,"href":"http:\/\/fotobaerchen.de\/index.php?rest_route=\/wp\/v2\/pages\/849\/revisions\/882"}],"up":[{"embeddable":true,"href":"http:\/\/fotobaerchen.de\/index.php?rest_route=\/wp\/v2\/pages\/845"}],"wp:attachment":[{"href":"http:\/\/fotobaerchen.de\/index.php?rest_route=%2Fwp%2Fv2%2Fmedia&parent=849"}],"curies":[{"name":"wp","href":"https:\/\/api.w.org\/{rel}","templated":true}]}}