{"id":887,"date":"2021-01-06T19:30:21","date_gmt":"2021-01-06T19:30:21","guid":{"rendered":"http:\/\/fotobaerchen.de\/?page_id=887"},"modified":"2021-01-06T19:42:49","modified_gmt":"2021-01-06T19:42:49","slug":"illerzeller-krippenweg","status":"publish","type":"page","link":"http:\/\/fotobaerchen.de\/?page_id=887","title":{"rendered":"Illerzeller Krippenweg"},"content":{"rendered":"\n<p>In diesem Jahr das Erste mal, gab es einen kleinen Krippenweg im Illerzeller Auwald. Einer ersten Krippe folgten spontan weitere und bildeten schlie\u00dflich einen richtig sch\u00f6nen Krippenweg.<\/p>\n\n\n\n<p>Ich habe diesen an &#8222;Heilig Drei K\u00f6nig&#8220; bei wundersch\u00f6nem Schneefall mal bgelichtet.<\/p>\n\n\n\n<div class=\"wp-block-media-text alignwide has-media-on-the-right is-stacked-on-mobile\" style=\"grid-template-columns:auto 73%\"><figure class=\"wp-block-media-text__media\"><img loading=\"lazy\" decoding=\"async\" width=\"2560\" height=\"1440\" src=\"http:\/\/fotobaerchen.de\/wp-content\/uploads\/2021\/01\/0002_Illerzeller_Krippenweg_2020-scaled.jpg\" alt=\"\" class=\"wp-image-891 size-full\" srcset=\"http:\/\/fotobaerchen.de\/wp-content\/uploads\/2021\/01\/0002_Illerzeller_Krippenweg_2020-scaled.jpg 2560w, http:\/\/fotobaerchen.de\/wp-content\/uploads\/2021\/01\/0002_Illerzeller_Krippenweg_2020-300x169.jpg 300w, http:\/\/fotobaerchen.de\/wp-content\/uploads\/2021\/01\/0002_Illerzeller_Krippenweg_2020-150x84.jpg 150w, http:\/\/fotobaerchen.de\/wp-content\/uploads\/2021\/01\/0002_Illerzeller_Krippenweg_2020-768x432.jpg 768w, http:\/\/fotobaerchen.de\/wp-content\/uploads\/2021\/01\/0002_Illerzeller_Krippenweg_2020-2048x1152.jpg 2048w\" sizes=\"auto, (max-width: 706px) 89vw, (max-width: 767px) 82vw, 740px\" \/><\/figure><div class=\"wp-block-media-text__content\">\n<p style=\"font-size:21px\">Gestartet wird mit einer s\u00fc\u00dfen Dosenkrone<\/p>\n<\/div><\/div>\n\n\n\n<h2 class=\"wp-block-heading\" style=\"font-size:25px\">Frohe Weihnachten<\/h2>\n\n\n\n<div class=\"wp-block-image is-style-default\"><figure class=\"aligncenter size-large is-resized\"><img loading=\"lazy\" decoding=\"async\" src=\"http:\/\/fotobaerchen.de\/wp-content\/uploads\/2021\/01\/0003_Illerzeller_Krippenweg_2020-scaled.jpg\" alt=\"\" class=\"wp-image-893\" width=\"737\" height=\"415\" srcset=\"http:\/\/fotobaerchen.de\/wp-content\/uploads\/2021\/01\/0003_Illerzeller_Krippenweg_2020-scaled.jpg 2560w, http:\/\/fotobaerchen.de\/wp-content\/uploads\/2021\/01\/0003_Illerzeller_Krippenweg_2020-300x169.jpg 300w, http:\/\/fotobaerchen.de\/wp-content\/uploads\/2021\/01\/0003_Illerzeller_Krippenweg_2020-150x84.jpg 150w, http:\/\/fotobaerchen.de\/wp-content\/uploads\/2021\/01\/0003_Illerzeller_Krippenweg_2020-768x432.jpg 768w, http:\/\/fotobaerchen.de\/wp-content\/uploads\/2021\/01\/0003_Illerzeller_Krippenweg_2020-2048x1152.jpg 2048w\" sizes=\"auto, (max-width: 737px) 100vw, 737px\" \/><\/figure><\/div>\n\n\n\n<div class=\"wp-block-media-text alignwide is-stacked-on-mobile is-vertically-aligned-center\" style=\"grid-template-columns:69% auto\"><figure class=\"wp-block-media-text__media\"><img loading=\"lazy\" decoding=\"async\" width=\"2560\" height=\"1440\" src=\"http:\/\/fotobaerchen.de\/wp-content\/uploads\/2021\/01\/0006_Illerzeller_Krippenweg_2020-scaled.jpg\" alt=\"\" class=\"wp-image-897 size-full\" srcset=\"http:\/\/fotobaerchen.de\/wp-content\/uploads\/2021\/01\/0006_Illerzeller_Krippenweg_2020-scaled.jpg 2560w, http:\/\/fotobaerchen.de\/wp-content\/uploads\/2021\/01\/0006_Illerzeller_Krippenweg_2020-300x169.jpg 300w, http:\/\/fotobaerchen.de\/wp-content\/uploads\/2021\/01\/0006_Illerzeller_Krippenweg_2020-150x84.jpg 150w, http:\/\/fotobaerchen.de\/wp-content\/uploads\/2021\/01\/0006_Illerzeller_Krippenweg_2020-768x432.jpg 768w, http:\/\/fotobaerchen.de\/wp-content\/uploads\/2021\/01\/0006_Illerzeller_Krippenweg_2020-2048x1152.jpg 2048w\" sizes=\"auto, (max-width: 706px) 89vw, (max-width: 767px) 82vw, 740px\" \/><\/figure><div class=\"wp-block-media-text__content\">\n<p style=\"font-size:18px\">Das Gl\u00fccksschwein! Kuschelig eingeh\u00fcllt ist es kaum zu erkennen.<\/p>\n\n\n\n<p style=\"font-size:18px\"> Nur der R\u00fcssel schaut noch raus.<\/p>\n<\/div><\/div>\n\n\n\n<div class=\"wp-block-media-text alignwide has-media-on-the-right is-stacked-on-mobile\" style=\"grid-template-columns:auto 81%\"><figure class=\"wp-block-media-text__media\"><img loading=\"lazy\" decoding=\"async\" width=\"2560\" height=\"1709\" src=\"http:\/\/fotobaerchen.de\/wp-content\/uploads\/2021\/01\/0007_Illerzeller_Krippenweg_2020-scaled.jpg\" alt=\"\" class=\"wp-image-898 size-full\" srcset=\"http:\/\/fotobaerchen.de\/wp-content\/uploads\/2021\/01\/0007_Illerzeller_Krippenweg_2020-scaled.jpg 2560w, http:\/\/fotobaerchen.de\/wp-content\/uploads\/2021\/01\/0007_Illerzeller_Krippenweg_2020-300x200.jpg 300w, http:\/\/fotobaerchen.de\/wp-content\/uploads\/2021\/01\/0007_Illerzeller_Krippenweg_2020-150x100.jpg 150w, http:\/\/fotobaerchen.de\/wp-content\/uploads\/2021\/01\/0007_Illerzeller_Krippenweg_2020-768x513.jpg 768w, http:\/\/fotobaerchen.de\/wp-content\/uploads\/2021\/01\/0007_Illerzeller_Krippenweg_2020-2048x1367.jpg 2048w\" sizes=\"auto, (max-width: 706px) 89vw, (max-width: 767px) 82vw, 740px\" \/><\/figure><div class=\"wp-block-media-text__content\">\n<p class=\"has-large-font-size\"><\/p>\n<\/div><\/div>\n\n\n\n<div class=\"wp-block-columns is-layout-flex wp-container-core-columns-is-layout-9d6595d7 wp-block-columns-is-layout-flex\">\n<div class=\"wp-block-column is-layout-flow wp-block-column-is-layout-flow\">\n<figure class=\"wp-block-image size-large is-style-default\"><img loading=\"lazy\" decoding=\"async\" width=\"2560\" height=\"1440\" src=\"http:\/\/fotobaerchen.de\/wp-content\/uploads\/2021\/01\/0008_Illerzeller_Krippenweg_2020-scaled.jpg\" alt=\"\" class=\"wp-image-899\" srcset=\"http:\/\/fotobaerchen.de\/wp-content\/uploads\/2021\/01\/0008_Illerzeller_Krippenweg_2020-scaled.jpg 2560w, http:\/\/fotobaerchen.de\/wp-content\/uploads\/2021\/01\/0008_Illerzeller_Krippenweg_2020-300x169.jpg 300w, http:\/\/fotobaerchen.de\/wp-content\/uploads\/2021\/01\/0008_Illerzeller_Krippenweg_2020-150x84.jpg 150w, http:\/\/fotobaerchen.de\/wp-content\/uploads\/2021\/01\/0008_Illerzeller_Krippenweg_2020-768x432.jpg 768w, http:\/\/fotobaerchen.de\/wp-content\/uploads\/2021\/01\/0008_Illerzeller_Krippenweg_2020-2048x1152.jpg 2048w\" sizes=\"auto, (max-width: 706px) 89vw, (max-width: 767px) 82vw, 740px\" \/><\/figure>\n<\/div>\n\n\n\n<div class=\"wp-block-column is-layout-flow wp-block-column-is-layout-flow\">\n<figure class=\"wp-block-image size-large is-style-default\"><img loading=\"lazy\" decoding=\"async\" width=\"1024\" height=\"576\" src=\"http:\/\/fotobaerchen.de\/wp-content\/uploads\/2021\/01\/0009_Illerzeller_Krippenweg_2020-1024x576.jpg\" alt=\"\" class=\"wp-image-900\" srcset=\"http:\/\/fotobaerchen.de\/wp-content\/uploads\/2021\/01\/0009_Illerzeller_Krippenweg_2020-1024x576.jpg 1024w, http:\/\/fotobaerchen.de\/wp-content\/uploads\/2021\/01\/0009_Illerzeller_Krippenweg_2020-300x169.jpg 300w, http:\/\/fotobaerchen.de\/wp-content\/uploads\/2021\/01\/0009_Illerzeller_Krippenweg_2020-150x84.jpg 150w, http:\/\/fotobaerchen.de\/wp-content\/uploads\/2021\/01\/0009_Illerzeller_Krippenweg_2020-768x432.jpg 768w, http:\/\/fotobaerchen.de\/wp-content\/uploads\/2021\/01\/0009_Illerzeller_Krippenweg_2020-2048x1152.jpg 2048w\" sizes=\"auto, (max-width: 706px) 89vw, (max-width: 767px) 82vw, 740px\" \/><\/figure>\n<\/div>\n<\/div>\n\n\n\n<div class=\"wp-block-media-text alignwide is-stacked-on-mobile\" style=\"grid-template-columns:82% auto\"><figure class=\"wp-block-media-text__media\"><img loading=\"lazy\" decoding=\"async\" width=\"2560\" height=\"1440\" src=\"http:\/\/fotobaerchen.de\/wp-content\/uploads\/2021\/01\/0010_Illerzeller_Krippenweg_2020-scaled.jpg\" alt=\"\" class=\"wp-image-901 size-full\" srcset=\"http:\/\/fotobaerchen.de\/wp-content\/uploads\/2021\/01\/0010_Illerzeller_Krippenweg_2020-scaled.jpg 2560w, http:\/\/fotobaerchen.de\/wp-content\/uploads\/2021\/01\/0010_Illerzeller_Krippenweg_2020-300x169.jpg 300w, http:\/\/fotobaerchen.de\/wp-content\/uploads\/2021\/01\/0010_Illerzeller_Krippenweg_2020-150x84.jpg 150w, http:\/\/fotobaerchen.de\/wp-content\/uploads\/2021\/01\/0010_Illerzeller_Krippenweg_2020-768x432.jpg 768w, http:\/\/fotobaerchen.de\/wp-content\/uploads\/2021\/01\/0010_Illerzeller_Krippenweg_2020-2048x1152.jpg 2048w\" sizes=\"auto, (max-width: 706px) 89vw, (max-width: 767px) 82vw, 740px\" \/><\/figure><div class=\"wp-block-media-text__content\">\n<p class=\"has-large-font-size\"><\/p>\n<\/div><\/div>\n\n\n\n<div class=\"wp-block-columns is-layout-flex wp-container-core-columns-is-layout-9d6595d7 wp-block-columns-is-layout-flex\">\n<div class=\"wp-block-column is-layout-flow wp-block-column-is-layout-flow\">\n<div class=\"wp-block-image is-style-default\"><figure class=\"aligncenter size-large is-resized\"><img loading=\"lazy\" decoding=\"async\" src=\"http:\/\/fotobaerchen.de\/wp-content\/uploads\/2021\/01\/0011_Illerzeller_Krippenweg_2020-scaled.jpg\" alt=\"\" class=\"wp-image-902\" width=\"331\" height=\"588\" srcset=\"http:\/\/fotobaerchen.de\/wp-content\/uploads\/2021\/01\/0011_Illerzeller_Krippenweg_2020-scaled.jpg 1440w, http:\/\/fotobaerchen.de\/wp-content\/uploads\/2021\/01\/0011_Illerzeller_Krippenweg_2020-169x300.jpg 169w, http:\/\/fotobaerchen.de\/wp-content\/uploads\/2021\/01\/0011_Illerzeller_Krippenweg_2020-84x150.jpg 84w, http:\/\/fotobaerchen.de\/wp-content\/uploads\/2021\/01\/0011_Illerzeller_Krippenweg_2020-1152x2048.jpg 1152w\" sizes=\"auto, (max-width: 331px) 100vw, 331px\" \/><\/figure><\/div>\n<\/div>\n<\/div>\n\n\n\n<div class=\"wp-block-media-text alignwide is-stacked-on-mobile\" style=\"grid-template-columns:78% auto\"><figure class=\"wp-block-media-text__media\"><img loading=\"lazy\" decoding=\"async\" width=\"1024\" height=\"576\" src=\"http:\/\/fotobaerchen.de\/wp-content\/uploads\/2021\/01\/0015_Illerzeller_Krippenweg_2020-1024x576.jpg\" alt=\"\" class=\"wp-image-906 size-full\" srcset=\"http:\/\/fotobaerchen.de\/wp-content\/uploads\/2021\/01\/0015_Illerzeller_Krippenweg_2020-1024x576.jpg 1024w, http:\/\/fotobaerchen.de\/wp-content\/uploads\/2021\/01\/0015_Illerzeller_Krippenweg_2020-300x169.jpg 300w, http:\/\/fotobaerchen.de\/wp-content\/uploads\/2021\/01\/0015_Illerzeller_Krippenweg_2020-150x84.jpg 150w, http:\/\/fotobaerchen.de\/wp-content\/uploads\/2021\/01\/0015_Illerzeller_Krippenweg_2020-768x432.jpg 768w, http:\/\/fotobaerchen.de\/wp-content\/uploads\/2021\/01\/0015_Illerzeller_Krippenweg_2020-2048x1152.jpg 2048w\" sizes=\"auto, (max-width: 706px) 89vw, (max-width: 767px) 82vw, 740px\" \/><\/figure><div class=\"wp-block-media-text__content\">\n<p style=\"font-size:18px\">Auch Playmobil feiert Weihnachten<\/p>\n<\/div><\/div>\n\n\n\n<div class=\"wp-block-columns is-layout-flex wp-container-core-columns-is-layout-9d6595d7 wp-block-columns-is-layout-flex\">\n<div class=\"wp-block-column is-layout-flow wp-block-column-is-layout-flow\">\n<figure class=\"wp-block-image size-large is-resized is-style-default\"><img loading=\"lazy\" decoding=\"async\" src=\"http:\/\/fotobaerchen.de\/wp-content\/uploads\/2021\/01\/0013_Illerzeller_Krippenweg_2020-scaled.jpg\" alt=\"\" class=\"wp-image-904\" width=\"337\" height=\"189\" srcset=\"http:\/\/fotobaerchen.de\/wp-content\/uploads\/2021\/01\/0013_Illerzeller_Krippenweg_2020-scaled.jpg 2560w, http:\/\/fotobaerchen.de\/wp-content\/uploads\/2021\/01\/0013_Illerzeller_Krippenweg_2020-300x169.jpg 300w, http:\/\/fotobaerchen.de\/wp-content\/uploads\/2021\/01\/0013_Illerzeller_Krippenweg_2020-150x84.jpg 150w, http:\/\/fotobaerchen.de\/wp-content\/uploads\/2021\/01\/0013_Illerzeller_Krippenweg_2020-768x432.jpg 768w, http:\/\/fotobaerchen.de\/wp-content\/uploads\/2021\/01\/0013_Illerzeller_Krippenweg_2020-2048x1152.jpg 2048w\" sizes=\"auto, (max-width: 337px) 100vw, 337px\" \/><\/figure>\n<\/div>\n\n\n\n<div class=\"wp-block-column is-layout-flow wp-block-column-is-layout-flow\">\n<figure class=\"wp-block-image size-large is-resized is-style-default\"><img loading=\"lazy\" decoding=\"async\" src=\"http:\/\/fotobaerchen.de\/wp-content\/uploads\/2021\/01\/0014_Illerzeller_Krippenweg_2020-1024x576.jpg\" alt=\"\" class=\"wp-image-905\" width=\"339\" height=\"190\" srcset=\"http:\/\/fotobaerchen.de\/wp-content\/uploads\/2021\/01\/0014_Illerzeller_Krippenweg_2020-1024x576.jpg 1024w, http:\/\/fotobaerchen.de\/wp-content\/uploads\/2021\/01\/0014_Illerzeller_Krippenweg_2020-300x169.jpg 300w, http:\/\/fotobaerchen.de\/wp-content\/uploads\/2021\/01\/0014_Illerzeller_Krippenweg_2020-150x84.jpg 150w, http:\/\/fotobaerchen.de\/wp-content\/uploads\/2021\/01\/0014_Illerzeller_Krippenweg_2020-768x432.jpg 768w, http:\/\/fotobaerchen.de\/wp-content\/uploads\/2021\/01\/0014_Illerzeller_Krippenweg_2020-1536x864.jpg 1536w, http:\/\/fotobaerchen.de\/wp-content\/uploads\/2021\/01\/0014_Illerzeller_Krippenweg_2020-2048x1152.jpg 2048w\" sizes=\"auto, (max-width: 339px) 100vw, 339px\" \/><\/figure>\n<\/div>\n<\/div>\n\n\n\n<div class=\"wp-block-media-text alignwide is-stacked-on-mobile\" style=\"grid-template-columns:71% auto\"><figure class=\"wp-block-media-text__media\"><img loading=\"lazy\" decoding=\"async\" width=\"1024\" height=\"576\" src=\"http:\/\/fotobaerchen.de\/wp-content\/uploads\/2021\/01\/0018_Illerzeller_Krippenweg_2020-1024x576.jpg\" alt=\"\" class=\"wp-image-909 size-full\" srcset=\"http:\/\/fotobaerchen.de\/wp-content\/uploads\/2021\/01\/0018_Illerzeller_Krippenweg_2020-1024x576.jpg 1024w, http:\/\/fotobaerchen.de\/wp-content\/uploads\/2021\/01\/0018_Illerzeller_Krippenweg_2020-300x169.jpg 300w, http:\/\/fotobaerchen.de\/wp-content\/uploads\/2021\/01\/0018_Illerzeller_Krippenweg_2020-150x84.jpg 150w, http:\/\/fotobaerchen.de\/wp-content\/uploads\/2021\/01\/0018_Illerzeller_Krippenweg_2020-768x432.jpg 768w, http:\/\/fotobaerchen.de\/wp-content\/uploads\/2021\/01\/0018_Illerzeller_Krippenweg_2020-2048x1152.jpg 2048w\" sizes=\"auto, (max-width: 706px) 89vw, (max-width: 767px) 82vw, 740px\" \/><\/figure><div class=\"wp-block-media-text__content\">\n<p class=\"has-large-font-size\"><\/p>\n<\/div><\/div>\n\n\n\n<div class=\"wp-block-media-text alignwide has-media-on-the-right is-stacked-on-mobile\" style=\"grid-template-columns:auto 71%\"><figure class=\"wp-block-media-text__media\"><img loading=\"lazy\" decoding=\"async\" width=\"1024\" height=\"576\" src=\"http:\/\/fotobaerchen.de\/wp-content\/uploads\/2021\/01\/0016_Illerzeller_Krippenweg_2020-1024x576.jpg\" alt=\"\" class=\"wp-image-907 size-full\" srcset=\"http:\/\/fotobaerchen.de\/wp-content\/uploads\/2021\/01\/0016_Illerzeller_Krippenweg_2020-1024x576.jpg 1024w, http:\/\/fotobaerchen.de\/wp-content\/uploads\/2021\/01\/0016_Illerzeller_Krippenweg_2020-300x169.jpg 300w, http:\/\/fotobaerchen.de\/wp-content\/uploads\/2021\/01\/0016_Illerzeller_Krippenweg_2020-150x84.jpg 150w, http:\/\/fotobaerchen.de\/wp-content\/uploads\/2021\/01\/0016_Illerzeller_Krippenweg_2020-768x432.jpg 768w, http:\/\/fotobaerchen.de\/wp-content\/uploads\/2021\/01\/0016_Illerzeller_Krippenweg_2020-2048x1152.jpg 2048w\" sizes=\"auto, (max-width: 706px) 89vw, (max-width: 767px) 82vw, 740px\" \/><\/figure><div class=\"wp-block-media-text__content\">\n<p class=\"has-large-font-size\"><\/p>\n<\/div><\/div>\n","protected":false},"excerpt":{"rendered":"<p>In diesem Jahr das Erste mal, gab es einen kleinen Krippenweg im Illerzeller Auwald. Einer ersten Krippe folgten spontan weitere und bildeten schlie\u00dflich einen richtig sch\u00f6nen Krippenweg. Ich habe diesen an &#8222;Heilig Drei K\u00f6nig&#8220; bei wundersch\u00f6nem Schneefall mal bgelichtet. Gestartet wird mit einer s\u00fc\u00dfen Dosenkrone Frohe Weihnachten Das Gl\u00fccksschwein! Kuschelig eingeh\u00fcllt ist es kaum zu &hellip; <\/p>\n<p class=\"link-more\"><a href=\"http:\/\/fotobaerchen.de\/?page_id=887\" class=\"more-link\"><span class=\"screen-reader-text\">\u201eIllerzeller Krippenweg\u201c <\/span>weiterlesen<\/a><\/p>\n","protected":false},"author":1,"featured_media":0,"parent":0,"menu_order":0,"comment_status":"open","ping_status":"closed","template":"","meta":{"footnotes":""},"class_list":["post-887","page","type-page","status-publish","hentry"],"_links":{"self":[{"href":"http:\/\/fotobaerchen.de\/index.php?rest_route=\/wp\/v2\/pages\/887","targetHints":{"allow":["GET"]}}],"collection":[{"href":"http:\/\/fotobaerchen.de\/index.php?rest_route=\/wp\/v2\/pages"}],"about":[{"href":"http:\/\/fotobaerchen.de\/index.php?rest_route=\/wp\/v2\/types\/page"}],"author":[{"embeddable":true,"href":"http:\/\/fotobaerchen.de\/index.php?rest_route=\/wp\/v2\/users\/1"}],"replies":[{"embeddable":true,"href":"http:\/\/fotobaerchen.de\/index.php?rest_route=%2Fwp%2Fv2%2Fcomments&post=887"}],"version-history":[{"count":8,"href":"http:\/\/fotobaerchen.de\/index.php?rest_route=\/wp\/v2\/pages\/887\/revisions"}],"predecessor-version":[{"id":931,"href":"http:\/\/fotobaerchen.de\/index.php?rest_route=\/wp\/v2\/pages\/887\/revisions\/931"}],"wp:attachment":[{"href":"http:\/\/fotobaerchen.de\/index.php?rest_route=%2Fwp%2Fv2%2Fmedia&parent=887"}],"curies":[{"name":"wp","href":"https:\/\/api.w.org\/{rel}","templated":true}]}}